{"id":703,"date":"2021-06-01T15:13:06","date_gmt":"2021-06-01T13:13:06","guid":{"rendered":"http:\/\/monometal.com\/about-us\/technologie\/"},"modified":"2021-09-14T09:14:29","modified_gmt":"2021-09-14T07:14:29","slug":"technology","status":"publish","type":"page","link":"https:\/\/monometal.com\/en\/about-us\/technology\/","title":{"rendered":"Technology"},"content":{"rendered":"<p><div class=\"fusion-fullwidth fullwidth-box fusion-builder-row-1 fusion-flex-container nonhundred-percent-fullwidth non-hundred-percent-height-scrolling\" style=\"background-color: rgba(255,255,255,0);background-position: center center;background-repeat: no-repeat;border-width: 0px 0px 0px 0px;border-color:#e2e2e2;border-style:solid;\" ><div class=\"fusion-builder-row fusion-row fusion-flex-align-items-flex-start\" style=\"max-width:1289.6px;margin-left: calc(-4% \/ 2 );margin-right: calc(-4% \/ 2 );\"><div class=\"fusion-layout-column fusion_builder_column fusion-builder-column-0 fusion_builder_column_1_1 1_1 fusion-flex-column\"><div class=\"fusion-column-wrapper fusion-flex-justify-content-flex-start fusion-content-layout-column\" style=\"background-position:left top;background-repeat:no-repeat;-webkit-background-size:cover;-moz-background-size:cover;-o-background-size:cover;background-size:cover;padding: 0px 0px 0px 0px;\"><div class=\"fusion-text fusion-text-1\"><p>The key to the competitiveness of our products is unique machinery and trained operators. For the production of spiral HSS tools, a&nbsp;9-axis grinding machine from Guehring is used, equipped with CNC profiling of the grinding wheel and a&nbsp;power output on the main spindle of 58 kW. For tool sharpening and production, there are also CNC sharpening machines from Schneeberger and Ulmer, which finish HSS and carbide tools and grind shapes according to DXF. The production and sharpening of broaching mandrels up to a&nbsp;length of 1200 mm is carried out on the CORVUS BBA. Lathes, milling machines and grinding machines are used for the preparation of semi-finished products. Manual sharpening machines, a&nbsp;wheel straightener, opto-electronic gauges and an engraving laser complete the machine park. The combination of CNC controlled and conventional machines enables efficient and economical production of small and medium series.<\/p>\n<\/div><div class=\"fusion-separator\" style=\"align-self: flex-start;margin-right:auto;margin-top:20px;margin-bottom:20px;width:100%;max-width:100px;\"><div class=\"fusion-separator-border sep-single sep-solid\" style=\"border-color:#5c9dd5;border-top-width:2px;\"><\/div><\/div><\/div><style type=\"text\/css\">.fusion-body .fusion-builder-column-0{width:100% !important;margin-top : 0px;margin-bottom : 0px;}.fusion-builder-column-0 > .fusion-column-wrapper {padding-top : 0px !important;padding-right : 0px !important;margin-right : 1.92%;padding-bottom : 0px !important;padding-left : 0px !important;margin-left : 1.92%;}@media only screen and (max-width:1024px) {.fusion-body .fusion-builder-column-0{width:100% !important;order : 0;}.fusion-builder-column-0 > .fusion-column-wrapper {margin-right : 1.92%;margin-left : 1.92%;}}@media only screen and (max-width:640px) {.fusion-body .fusion-builder-column-0{width:100% !important;order : 0;}.fusion-builder-column-0 > .fusion-column-wrapper {margin-right : 1.92%;margin-left : 1.92%;}}<\/style><\/div><\/div><style type=\"text\/css\">.fusion-body .fusion-flex-container.fusion-builder-row-1{ padding-top : 100px;margin-top : 0px;padding-right : 0px;padding-bottom : 0px;margin-bottom : 0px;padding-left : 0px;}<\/style><\/div><div class=\"fusion-fullwidth fullwidth-box fusion-builder-row-2 fusion-flex-container nonhundred-percent-fullwidth non-hundred-percent-height-scrolling\" style=\"background-color: rgba(255,255,255,0);background-position: center center;background-repeat: no-repeat;border-width: 0px 0px 0px 0px;border-color:#e2e2e2;border-style:solid;\" ><div class=\"fusion-builder-row fusion-row fusion-flex-align-items-flex-start\" style=\"max-width:1289.6px;margin-left: calc(-4% \/ 2 );margin-right: calc(-4% \/ 2 );\"><div class=\"fusion-layout-column fusion_builder_column fusion-builder-column-1 fusion_builder_column_1_4 1_4 fusion-flex-column\"><div class=\"fusion-column-wrapper fusion-flex-justify-content-flex-start fusion-content-layout-column\" style=\"background-position:left top;background-repeat:no-repeat;-webkit-background-size:cover;-moz-background-size:cover;-o-background-size:cover;background-size:cover;padding: 0px 0px 0px 0px;\"><div ><div class=\"imageframe-liftup fusion-image-frame-bottomshadow image-frame-shadow-1\"><style>.element-bottomshadow.imageframe-1:before, .element-bottomshadow.imageframe-1:after{-webkit-box-shadow: 0 17px 10px rgba(0,0,0,0.4);box-shadow: 0 17px 10px rgba(0,0,0,0.4);}<\/style><span class=\" fusion-imageframe imageframe-bottomshadow imageframe-1 element-bottomshadow\"><a href=\"https:\/\/monometal.com\/wp-content\/uploads\/2021\/08\/technologie1.png\" class=\"fusion-lightbox\" data-rel=\"iLightbox[technology]\" data-title=\"technologie1\" title=\"technologie1\"><img width=\"200\" height=\"152\" src=\"https:\/\/monometal.com\/wp-content\/uploads\/2021\/08\/technologie1.png\" class=\"img-responsive wp-image-704\"\/><\/a><\/span><\/div><\/div><\/div><style type=\"text\/css\">.fusion-body .fusion-builder-column-1{width:25% !important;margin-top : 0px;margin-bottom : 20px;}.fusion-builder-column-1 > .fusion-column-wrapper {padding-top : 0px !important;padding-right : 0px !important;margin-right : 7.68%;padding-bottom : 0px !important;padding-left : 0px !important;margin-left : 7.68%;}@media only screen and (max-width:1024px) {.fusion-body .fusion-builder-column-1{width:25% !important;order : 0;}.fusion-builder-column-1 > .fusion-column-wrapper {margin-right : 7.68%;margin-left : 7.68%;}}@media only screen and (max-width:640px) {.fusion-body .fusion-builder-column-1{width:100% !important;order : 0;}.fusion-builder-column-1 > .fusion-column-wrapper {margin-right : 1.92%;margin-left : 1.92%;}}<\/style><\/div><div class=\"fusion-layout-column fusion_builder_column fusion-builder-column-2 fusion_builder_column_1_4 1_4 fusion-flex-column\"><div class=\"fusion-column-wrapper fusion-flex-justify-content-flex-start fusion-content-layout-column\" style=\"background-position:left top;background-repeat:no-repeat;-webkit-background-size:cover;-moz-background-size:cover;-o-background-size:cover;background-size:cover;padding: 0px 0px 0px 0px;\"><div ><div class=\"imageframe-liftup fusion-image-frame-bottomshadow image-frame-shadow-2\"><style>.element-bottomshadow.imageframe-2:before, .element-bottomshadow.imageframe-2:after{-webkit-box-shadow: 0 17px 10px rgba(0,0,0,0.4);box-shadow: 0 17px 10px rgba(0,0,0,0.4);}<\/style><span class=\" fusion-imageframe imageframe-bottomshadow imageframe-2 element-bottomshadow\"><a href=\"https:\/\/monometal.com\/wp-content\/uploads\/2021\/08\/technologie2.png\" class=\"fusion-lightbox\" data-rel=\"iLightbox[technology]\" data-title=\"technologie2\" title=\"technologie2\"><img width=\"200\" height=\"150\" src=\"https:\/\/monometal.com\/wp-content\/uploads\/2021\/08\/technologie2.png\" class=\"img-responsive wp-image-514\"\/><\/a><\/span><\/div><\/div><\/div><style type=\"text\/css\">.fusion-body .fusion-builder-column-2{width:25% !important;margin-top : 0px;margin-bottom : 20px;}.fusion-builder-column-2 > .fusion-column-wrapper {padding-top : 0px !important;padding-right : 0px !important;margin-right : 7.68%;padding-bottom : 0px !important;padding-left : 0px !important;margin-left : 7.68%;}@media only screen and (max-width:1024px) {.fusion-body .fusion-builder-column-2{width:25% !important;order : 0;}.fusion-builder-column-2 > .fusion-column-wrapper {margin-right : 7.68%;margin-left : 7.68%;}}@media only screen and (max-width:640px) {.fusion-body .fusion-builder-column-2{width:100% !important;order : 0;}.fusion-builder-column-2 > .fusion-column-wrapper {margin-right : 1.92%;margin-left : 1.92%;}}<\/style><\/div><div class=\"fusion-layout-column fusion_builder_column fusion-builder-column-3 fusion_builder_column_1_4 1_4 fusion-flex-column\"><div class=\"fusion-column-wrapper fusion-flex-justify-content-flex-start fusion-content-layout-column\" style=\"background-position:left top;background-repeat:no-repeat;-webkit-background-size:cover;-moz-background-size:cover;-o-background-size:cover;background-size:cover;padding: 0px 0px 0px 0px;\"><div ><div class=\"imageframe-liftup fusion-image-frame-bottomshadow image-frame-shadow-3\"><style>.element-bottomshadow.imageframe-3:before, .element-bottomshadow.imageframe-3:after{-webkit-box-shadow: 0 17px 10px rgba(0,0,0,0.4);box-shadow: 0 17px 10px rgba(0,0,0,0.4);}<\/style><span class=\" fusion-imageframe imageframe-bottomshadow imageframe-3 element-bottomshadow\"><a href=\"https:\/\/monometal.com\/wp-content\/uploads\/2021\/08\/corvus.jpg\" class=\"fusion-lightbox\" data-rel=\"iLightbox[technology]\" data-title=\"corvus\" title=\"corvus\"><img width=\"200\" height=\"150\" src=\"https:\/\/monometal.com\/wp-content\/uploads\/2021\/08\/corvus.jpg\" class=\"img-responsive wp-image-515\"\/><\/a><\/span><\/div><\/div><\/div><style type=\"text\/css\">.fusion-body .fusion-builder-column-3{width:25% !important;margin-top : 0px;margin-bottom : 20px;}.fusion-builder-column-3 > .fusion-column-wrapper {padding-top : 0px !important;padding-right : 0px !important;margin-right : 7.68%;padding-bottom : 0px !important;padding-left : 0px !important;margin-left : 7.68%;}@media only screen and (max-width:1024px) {.fusion-body .fusion-builder-column-3{width:25% !important;order : 0;}.fusion-builder-column-3 > .fusion-column-wrapper {margin-right : 7.68%;margin-left : 7.68%;}}@media only screen and (max-width:640px) {.fusion-body .fusion-builder-column-3{width:100% !important;order : 0;}.fusion-builder-column-3 > .fusion-column-wrapper {margin-right : 1.92%;margin-left : 1.92%;}}<\/style><\/div><div class=\"fusion-layout-column fusion_builder_column fusion-builder-column-4 fusion_builder_column_1_4 1_4 fusion-flex-column\"><div class=\"fusion-column-wrapper fusion-flex-justify-content-flex-start fusion-content-layout-column\" style=\"background-position:left top;background-repeat:no-repeat;-webkit-background-size:cover;-moz-background-size:cover;-o-background-size:cover;background-size:cover;padding: 0px 0px 0px 0px;\"><div ><div class=\"imageframe-liftup fusion-image-frame-bottomshadow image-frame-shadow-4\"><style>.element-bottomshadow.imageframe-4:before, .element-bottomshadow.imageframe-4:after{-webkit-box-shadow: 0 17px 10px rgba(0,0,0,0.4);box-shadow: 0 17px 10px rgba(0,0,0,0.4);}<\/style><span class=\" fusion-imageframe imageframe-bottomshadow imageframe-4 element-bottomshadow\"><a href=\"https:\/\/monometal.com\/wp-content\/uploads\/2021\/08\/technologie3.png\" class=\"fusion-lightbox\" data-rel=\"iLightbox[technology]\" data-title=\"technologie3\" title=\"technologie3\"><img width=\"200\" height=\"153\" src=\"https:\/\/monometal.com\/wp-content\/uploads\/2021\/08\/technologie3.png\" class=\"img-responsive wp-image-516\"\/><\/a><\/span><\/div><\/div><\/div><style type=\"text\/css\">.fusion-body .fusion-builder-column-4{width:25% !important;margin-top : 0px;margin-bottom : 20px;}.fusion-builder-column-4 > .fusion-column-wrapper {padding-top : 0px !important;padding-right : 0px !important;margin-right : 7.68%;padding-bottom : 0px !important;padding-left : 0px !important;margin-left : 7.68%;}@media only screen and (max-width:1024px) {.fusion-body .fusion-builder-column-4{width:25% !important;order : 0;}.fusion-builder-column-4 > .fusion-column-wrapper {margin-right : 7.68%;margin-left : 7.68%;}}@media only screen and (max-width:640px) {.fusion-body .fusion-builder-column-4{width:100% !important;order : 0;}.fusion-builder-column-4 > .fusion-column-wrapper {margin-right : 1.92%;margin-left : 1.92%;}}<\/style><\/div><\/div><style type=\"text\/css\">.fusion-body .fusion-flex-container.fusion-builder-row-2{ padding-top : 0px;margin-top : 30px;padding-right : 0px;padding-bottom : 30px;margin-bottom : 0px;padding-left : 0px;}<\/style><\/div><\/p>\n","protected":false},"excerpt":{"rendered":"","protected":false},"author":1,"featured_media":0,"parent":699,"menu_order":0,"comment_status":"closed","ping_status":"closed","template":"100-width.php","meta":[],"yoast_head":"<!-- This site is optimized with the Yoast SEO plugin v17.0 - https:\/\/yoast.com\/wordpress\/plugins\/seo\/ -->\n<title>Technology | MONOMETAL n\u00e1stroje sro<\/title>\n<meta name=\"robots\" content=\"index, follow, max-snippet:-1, max-image-preview:large, max-video-preview:-1\" \/>\n<link rel=\"canonical\" href=\"https:\/\/monometal.com\/en\/about-us\/technology\/\" \/>\n<meta property=\"og:locale\" content=\"en_US\" \/>\n<meta property=\"og:type\" content=\"article\" \/>\n<meta property=\"og:title\" content=\"Technology | MONOMETAL n\u00e1stroje sro\" \/>\n<meta property=\"og:url\" content=\"https:\/\/monometal.com\/en\/about-us\/technology\/\" \/>\n<meta property=\"og:site_name\" content=\"MONOMETAL n\u00e1stroje sro\" \/>\n<meta property=\"article:modified_time\" content=\"2021-09-14T07:14:29+00:00\" \/>\n<meta name=\"twitter:card\" content=\"summary_large_image\" \/>\n<meta name=\"twitter:label1\" content=\"Est. reading time\" \/>\n\t<meta name=\"twitter:data1\" content=\"12 minutes\" \/>\n<script type=\"application\/ld+json\" class=\"yoast-schema-graph\">{\"@context\":\"https:\/\/schema.org\",\"@graph\":[{\"@type\":\"WebSite\",\"@id\":\"https:\/\/monometal.com\/#website\",\"url\":\"https:\/\/monometal.com\/\",\"name\":\"MONOMETAL n\\u00e1stroje sro\",\"description\":\"Obr\\u00e1b\\u011bc\\u00ed n\\u00e1stroje na m\\u00edru\",\"potentialAction\":[{\"@type\":\"SearchAction\",\"target\":{\"@type\":\"EntryPoint\",\"urlTemplate\":\"https:\/\/monometal.com\/?s={search_term_string}\"},\"query-input\":\"required name=search_term_string\"}],\"inLanguage\":\"en-US\"},{\"@type\":\"WebPage\",\"@id\":\"https:\/\/monometal.com\/en\/about-us\/technology\/#webpage\",\"url\":\"https:\/\/monometal.com\/en\/about-us\/technology\/\",\"name\":\"Technology | MONOMETAL n\\u00e1stroje sro\",\"isPartOf\":{\"@id\":\"https:\/\/monometal.com\/#website\"},\"datePublished\":\"2021-06-01T13:13:06+00:00\",\"dateModified\":\"2021-09-14T07:14:29+00:00\",\"breadcrumb\":{\"@id\":\"https:\/\/monometal.com\/en\/about-us\/technology\/#breadcrumb\"},\"inLanguage\":\"en-US\",\"potentialAction\":[{\"@type\":\"ReadAction\",\"target\":[\"https:\/\/monometal.com\/en\/about-us\/technology\/\"]}]},{\"@type\":\"BreadcrumbList\",\"@id\":\"https:\/\/monometal.com\/en\/about-us\/technology\/#breadcrumb\",\"itemListElement\":[{\"@type\":\"ListItem\",\"position\":1,\"name\":\"About us\",\"item\":\"https:\/\/monometal.com\/en\/about-us\/\"},{\"@type\":\"ListItem\",\"position\":2,\"name\":\"Technology\"}]}]}<\/script>\n<!-- \/ Yoast SEO plugin. -->","yoast_head_json":{"title":"Technology | MONOMETAL n\u00e1stroje sro","robots":{"index":"index","follow":"follow","max-snippet":"max-snippet:-1","max-image-preview":"max-image-preview:large","max-video-preview":"max-video-preview:-1"},"canonical":"https:\/\/monometal.com\/en\/about-us\/technology\/","og_locale":"en_US","og_type":"article","og_title":"Technology | MONOMETAL n\u00e1stroje sro","og_url":"https:\/\/monometal.com\/en\/about-us\/technology\/","og_site_name":"MONOMETAL n\u00e1stroje sro","article_modified_time":"2021-09-14T07:14:29+00:00","twitter_card":"summary_large_image","twitter_misc":{"Est. reading time":"12 minutes"},"schema":{"@context":"https:\/\/schema.org","@graph":[{"@type":"WebSite","@id":"https:\/\/monometal.com\/#website","url":"https:\/\/monometal.com\/","name":"MONOMETAL n\u00e1stroje sro","description":"Obr\u00e1b\u011bc\u00ed n\u00e1stroje na m\u00edru","potentialAction":[{"@type":"SearchAction","target":{"@type":"EntryPoint","urlTemplate":"https:\/\/monometal.com\/?s={search_term_string}"},"query-input":"required name=search_term_string"}],"inLanguage":"en-US"},{"@type":"WebPage","@id":"https:\/\/monometal.com\/en\/about-us\/technology\/#webpage","url":"https:\/\/monometal.com\/en\/about-us\/technology\/","name":"Technology | MONOMETAL n\u00e1stroje sro","isPartOf":{"@id":"https:\/\/monometal.com\/#website"},"datePublished":"2021-06-01T13:13:06+00:00","dateModified":"2021-09-14T07:14:29+00:00","breadcrumb":{"@id":"https:\/\/monometal.com\/en\/about-us\/technology\/#breadcrumb"},"inLanguage":"en-US","potentialAction":[{"@type":"ReadAction","target":["https:\/\/monometal.com\/en\/about-us\/technology\/"]}]},{"@type":"BreadcrumbList","@id":"https:\/\/monometal.com\/en\/about-us\/technology\/#breadcrumb","itemListElement":[{"@type":"ListItem","position":1,"name":"About us","item":"https:\/\/monometal.com\/en\/about-us\/"},{"@type":"ListItem","position":2,"name":"Technology"}]}]}},"_links":{"self":[{"href":"https:\/\/monometal.com\/en\/wp-json\/wp\/v2\/pages\/703"}],"collection":[{"href":"https:\/\/monometal.com\/en\/wp-json\/wp\/v2\/pages"}],"about":[{"href":"https:\/\/monometal.com\/en\/wp-json\/wp\/v2\/types\/page"}],"author":[{"embeddable":true,"href":"https:\/\/monometal.com\/en\/wp-json\/wp\/v2\/users\/1"}],"replies":[{"embeddable":true,"href":"https:\/\/monometal.com\/en\/wp-json\/wp\/v2\/comments?post=703"}],"version-history":[{"count":2,"href":"https:\/\/monometal.com\/en\/wp-json\/wp\/v2\/pages\/703\/revisions"}],"predecessor-version":[{"id":916,"href":"https:\/\/monometal.com\/en\/wp-json\/wp\/v2\/pages\/703\/revisions\/916"}],"up":[{"embeddable":true,"href":"https:\/\/monometal.com\/en\/wp-json\/wp\/v2\/pages\/699"}],"wp:attachment":[{"href":"https:\/\/monometal.com\/en\/wp-json\/wp\/v2\/media?parent=703"}],"curies":[{"name":"wp","href":"https:\/\/api.w.org\/{rel}","templated":true}]}}