{"id":686,"date":"2021-06-01T15:22:10","date_gmt":"2021-06-01T13:22:10","guid":{"rendered":"http:\/\/monometal.com\/services\/ostreni-nastroju\/"},"modified":"2021-10-07T15:19:29","modified_gmt":"2021-10-07T13:19:29","slug":"sharpening","status":"publish","type":"page","link":"https:\/\/monometal.com\/en\/services\/sharpening\/","title":{"rendered":"Sharpening"},"content":{"rendered":"<p><div class=\"fusion-fullwidth fullwidth-box fusion-builder-row-1 fusion-flex-container nonhundred-percent-fullwidth non-hundred-percent-height-scrolling\" style=\"background-color: rgba(255,255,255,0);background-position: center center;background-repeat: no-repeat;border-width: 0px 0px 0px 0px;border-color:#e2e2e2;border-style:solid;\" ><div class=\"fusion-builder-row fusion-row fusion-flex-align-items-flex-start\" style=\"max-width:1289.6px;margin-left: calc(-4% \/ 2 );margin-right: calc(-4% \/ 2 );\"><div class=\"fusion-layout-column fusion_builder_column fusion-builder-column-0 fusion_builder_column_1_1 1_1 fusion-flex-column\"><div class=\"fusion-column-wrapper fusion-flex-justify-content-flex-start fusion-content-layout-column\" style=\"background-position:left top;background-repeat:no-repeat;-webkit-background-size:cover;-moz-background-size:cover;-o-background-size:cover;background-size:cover;padding: 0px 0px 0px 0px;\"><div class=\"fusion-text fusion-text-1\"><p>Blunted tools need not be discarded; they can mostly be used again. We offer resharpening, renovation (cutting and sharpening to the original geometry), and coating of our own tools as well as tools of other producers. We offer a&nbsp;delivery service and, with regard to the type and price of the tool, suggest the most effective method of sharpening on CNC sharpeners or manual. The standard delivery term is one week, but we can arrange an express term if necessary.<\/p>\n<\/div><style type=\"text\/css\">@media only screen and (max-width:1024px) {.fusion-title.fusion-title-1{margin-top:50px!important; margin-right:!important;margin-bottom:-50px!important;margin-left:!important;}}@media only screen and (max-width:640px) {.fusion-title.fusion-title-1{margin-top:10px!important; margin-right:!important;margin-bottom:10px!important; margin-left:!important;}}<\/style><div class=\"fusion-title title fusion-title-1 fusion-sep-none fusion-title-text fusion-title-size-four\" style=\"margin-top:50px;margin-bottom:-50px;\"><h4 class=\"title-heading-left\" style=\"margin:0;\"><h3>We&#8217;ll sharpen<\/h3><\/h4><\/div><\/div><style type=\"text\/css\">.fusion-body .fusion-builder-column-0{width:100% !important;margin-top : 0px;margin-bottom : 20px;}.fusion-builder-column-0 > .fusion-column-wrapper {padding-top : 0px !important;padding-right : 0px !important;margin-right : 1.92%;padding-bottom : 0px !important;padding-left : 0px !important;margin-left : 1.92%;}@media only screen and (max-width:1024px) {.fusion-body .fusion-builder-column-0{width:100% !important;order : 0;}.fusion-builder-column-0 > .fusion-column-wrapper {margin-right : 1.92%;margin-left : 1.92%;}}@media only screen and (max-width:640px) {.fusion-body .fusion-builder-column-0{width:100% !important;order : 0;}.fusion-builder-column-0 > .fusion-column-wrapper {margin-right : 1.92%;margin-left : 1.92%;}}<\/style><\/div><div class=\"fusion-layout-column fusion_builder_column fusion-builder-column-1 fusion_builder_column_1_2 1_2 fusion-flex-column\"><div class=\"fusion-column-wrapper fusion-flex-justify-content-flex-start fusion-content-layout-column\" style=\"background-position:left top;background-repeat:no-repeat;-webkit-background-size:cover;-moz-background-size:cover;-o-background-size:cover;background-size:cover;padding: 0px 0px 0px 0px;\"><ul class=\"fusion-checklist fusion-checklist-1 fusion-checklist-divider\" style=\"font-size:20px;line-height:34px;\"><li class=\"fusion-li-item\" style=\"border-bottom-color:#e2e2e2\"><span style=\"height:34px;width:34px;margin-right:14px;\" class=\"icon-wrapper circle-no\"><i class=\"fusion-li-icon awb-icon-check\" style=\"color:#66a0d7;\" aria-hidden=\"true\"><\/i><\/span><div class=\"fusion-li-item-content\" style=\"margin-left:48px;\">\n<p>Drills, Mill cutters, Reamers, Counterbores\u2026<\/p>\n<\/div><\/li><li class=\"fusion-li-item\" style=\"border-bottom-color:#e2e2e2\"><span style=\"height:34px;width:34px;margin-right:14px;\" class=\"icon-wrapper circle-no\"><i class=\"fusion-li-icon awb-icon-check\" style=\"color:#66a0d7;\" aria-hidden=\"true\"><\/i><\/span><div class=\"fusion-li-item-content\" style=\"margin-left:48px;\">\n<p>Hobbing cutters<\/p>\n<\/div><\/li><\/ul><\/div><style type=\"text\/css\">.fusion-body .fusion-builder-column-1{width:50% !important;margin-top : 0px;margin-bottom : 20px;}.fusion-builder-column-1 > .fusion-column-wrapper {padding-top : 0px !important;padding-right : 0px !important;margin-right : 3.84%;padding-bottom : 0px !important;padding-left : 0px !important;margin-left : 3.84%;}@media only screen and (max-width:1024px) {.fusion-body .fusion-builder-column-1{width:50% !important;order : 0;}.fusion-builder-column-1 > .fusion-column-wrapper {margin-right : 3.84%;margin-left : 3.84%;}}@media only screen and (max-width:640px) {.fusion-body .fusion-builder-column-1{width:100% !important;order : 0;}.fusion-builder-column-1 > .fusion-column-wrapper {margin-right : 1.92%;margin-left : 1.92%;}}<\/style><\/div><div class=\"fusion-layout-column fusion_builder_column fusion-builder-column-2 fusion_builder_column_1_2 1_2 fusion-flex-column\"><div class=\"fusion-column-wrapper fusion-flex-justify-content-flex-start fusion-content-layout-column\" style=\"background-position:left top;background-repeat:no-repeat;-webkit-background-size:cover;-moz-background-size:cover;-o-background-size:cover;background-size:cover;padding: 0px 0px 0px 0px;\"><ul class=\"fusion-checklist fusion-checklist-2 fusion-checklist-divider\" style=\"font-size:20px;line-height:34px;\"><li class=\"fusion-li-item\" style=\"border-bottom-color:#e2e2e2\"><span style=\"height:34px;width:34px;margin-right:14px;\" class=\"icon-wrapper circle-no\"><i class=\"fusion-li-icon awb-icon-check\" style=\"color:#66a0d7;\" aria-hidden=\"true\"><\/i><\/span><div class=\"fusion-li-item-content\" style=\"margin-left:48px;\">\n<p>Taps<\/p>\n<\/div><\/li><li class=\"fusion-li-item\" style=\"border-bottom-color:#e2e2e2\"><span style=\"height:34px;width:34px;margin-right:14px;\" class=\"icon-wrapper circle-no\"><i class=\"fusion-li-icon awb-icon-check\" style=\"color:#66a0d7;\" aria-hidden=\"true\"><\/i><\/span><div class=\"fusion-li-item-content\" style=\"margin-left:48px;\">\n<p>Broaches<\/p>\n<\/div><\/li><\/ul><\/div><style type=\"text\/css\">.fusion-body .fusion-builder-column-2{width:50% !important;margin-top : 0px;margin-bottom : 50px;}.fusion-builder-column-2 > .fusion-column-wrapper {padding-top : 0px !important;padding-right : 0px !important;margin-right : 3.84%;padding-bottom : 0px !important;padding-left : 0px !important;margin-left : 3.84%;}@media only screen and (max-width:1024px) {.fusion-body .fusion-builder-column-2{width:50% !important;order : 0;}.fusion-builder-column-2 > .fusion-column-wrapper {margin-right : 3.84%;margin-left : 3.84%;}}@media only screen and (max-width:640px) {.fusion-body .fusion-builder-column-2{width:100% !important;order : 0;}.fusion-builder-column-2 > .fusion-column-wrapper {margin-right : 1.92%;margin-left : 1.92%;}}<\/style><\/div><div class=\"fusion-layout-column fusion_builder_column fusion-builder-column-3 fusion_builder_column_1_1 1_1 fusion-flex-column\"><div class=\"fusion-column-wrapper fusion-flex-justify-content-flex-start fusion-content-layout-column\" style=\"background-position:left top;background-repeat:no-repeat;-webkit-background-size:cover;-moz-background-size:cover;-o-background-size:cover;background-size:cover;padding: 0px 0px 0px 0px;\"><div class=\"fusion-separator\" style=\"align-self: flex-start;margin-right:auto;margin-top:20px;margin-bottom:40px;width:100%;max-width:100px;\"><div class=\"fusion-separator-border sep-single sep-solid\" style=\"border-color:#5c9dd5;border-top-width:2px;\"><\/div><\/div><div class=\"fusion-text fusion-text-2\"><p>If you have any questions, please do not hesitate to contact us. We will be happy to provide you with any information regarding our products and services.<\/p>\n<\/div><\/div><style type=\"text\/css\">.fusion-body .fusion-builder-column-3{width:100% !important;margin-top : 0px;margin-bottom : 0px;}.fusion-builder-column-3 > .fusion-column-wrapper {padding-top : 0px !important;padding-right : 0px !important;margin-right : 1.92%;padding-bottom : 0px !important;padding-left : 0px !important;margin-left : 1.92%;}@media only screen and (max-width:1024px) {.fusion-body .fusion-builder-column-3{width:100% !important;order : 0;}.fusion-builder-column-3 > .fusion-column-wrapper {margin-right : 1.92%;margin-left : 1.92%;}}@media only screen and (max-width:640px) {.fusion-body .fusion-builder-column-3{width:100% !important;order : 0;}.fusion-builder-column-3 > .fusion-column-wrapper {margin-right : 1.92%;margin-left : 1.92%;}}<\/style><\/div><\/div><style type=\"text\/css\">.fusion-body .fusion-flex-container.fusion-builder-row-1{ padding-top : 0px;margin-top : 0px;padding-right : 0px;padding-bottom : 0px;margin-bottom : 0px;padding-left : 0px;}<\/style><\/div><div class=\"fusion-fullwidth fullwidth-box fusion-builder-row-2 fusion-flex-container formular nonhundred-percent-fullwidth non-hundred-percent-height-scrolling\" style=\"background-color: #4a93d1;background-position: center center;background-repeat: no-repeat;border-width: 0px 0px 0px 0px;border-color:#e2e2e2;border-style:solid;\" ><div class=\"fusion-builder-row fusion-row fusion-flex-align-items-flex-start\" style=\"max-width:1289.6px;margin-left: calc(-4% \/ 2 );margin-right: calc(-4% \/ 2 );\"><div class=\"fusion-layout-column fusion_builder_column fusion-builder-column-4 fusion_builder_column_1_1 1_1 fusion-flex-column\"><div class=\"fusion-column-wrapper fusion-flex-justify-content-flex-start fusion-content-layout-column\" style=\"background-position:left top;background-repeat:no-repeat;-webkit-background-size:cover;-moz-background-size:cover;-o-background-size:cover;background-size:cover;padding: 0px 0px 0px 0px;\"><style type=\"text\/css\">@media only screen and (max-width:1024px) {.fusion-title.fusion-title-2{margin-top:10px!important; margin-right:!important;margin-bottom:15px!important;margin-left:!important;}}@media only screen and (max-width:640px) {.fusion-title.fusion-title-2{margin-top:10px!important; margin-right:!important;margin-bottom:10px!important; margin-left:!important;}}<\/style><div class=\"fusion-title title fusion-title-2 fusion-sep-none fusion-title-text fusion-title-size-two\" style=\"margin-top:10px;margin-bottom:15px;\"><h2 class=\"title-heading-left\" style=\"margin:0;color:#ffffff;\">Do you have a&nbsp;question? Contact us!<\/h2><\/div><div class=\"fusion-separator\" style=\"align-self: flex-start;margin-right:auto;margin-top:20px;width:100%;max-width:100px;\"><div class=\"fusion-separator-border sep-single sep-solid\" style=\"border-color:#ffffff;border-top-width:4px;\"><\/div><\/div><\/div><style type=\"text\/css\">.fusion-body .fusion-builder-column-4{width:100% !important;margin-top : 0px;margin-bottom : 0px;}.fusion-builder-column-4 > .fusion-column-wrapper {padding-top : 0px !important;padding-right : 0px !important;margin-right : 1.92%;padding-bottom : 0px !important;padding-left : 0px !important;margin-left : 1.92%;}@media only screen and (max-width:1024px) {.fusion-body .fusion-builder-column-4{width:100% !important;order : 0;}.fusion-builder-column-4 > .fusion-column-wrapper {margin-right : 1.92%;margin-left : 1.92%;}}@media only screen and (max-width:640px) {.fusion-body .fusion-builder-column-4{width:100% !important;order : 0;}.fusion-builder-column-4 > .fusion-column-wrapper {margin-right : 1.92%;margin-left : 1.92%;}}<\/style><\/div><div class=\"fusion-layout-column fusion_builder_column fusion-builder-column-5 fusion_builder_column_1_1 1_1 fusion-flex-column\"><div class=\"fusion-column-wrapper fusion-flex-justify-content-flex-start fusion-content-layout-column\" style=\"background-position:left top;background-repeat:no-repeat;-webkit-background-size:cover;-moz-background-size:cover;-o-background-size:cover;background-size:cover;padding: 50px 0px 50px 0px;\"><div role=\"form\" class=\"wpcf7\" id=\"wpcf7-f658-o1\" lang=\"cs-CZ\" dir=\"ltr\">\n<div class=\"screen-reader-response\"><p role=\"status\" aria-live=\"polite\" aria-atomic=\"true\"><\/p> <ul><\/ul><\/div>\n<form action=\"\/en\/wp-json\/wp\/v2\/pages\/686#wpcf7-f658-o1\" method=\"post\" class=\"wpcf7-form init\" enctype=\"multipart\/form-data\" novalidate=\"novalidate\" data-status=\"init\">\n<div style=\"display: none;\">\n<input type=\"hidden\" name=\"_wpcf7\" value=\"658\" \/>\n<input type=\"hidden\" name=\"_wpcf7_version\" value=\"5.4.2\" \/>\n<input type=\"hidden\" name=\"_wpcf7_locale\" value=\"cs_CZ\" \/>\n<input type=\"hidden\" name=\"_wpcf7_unit_tag\" value=\"wpcf7-f658-o1\" \/>\n<input type=\"hidden\" name=\"_wpcf7_container_post\" value=\"0\" \/>\n<input type=\"hidden\" name=\"_wpcf7_posted_data_hash\" value=\"\" \/>\n<input type=\"hidden\" name=\"_wpcf7_recaptcha_response\" value=\"\" \/>\n<\/div>\n<div class=\"row\">\n<div class=\"col-md-6\" style=\"margin-bottom: 20px;\"><span class=\"wpcf7-form-control-wrap jmeno\"><input type=\"text\" name=\"jmeno\" value=\"\" size=\"40\" class=\"wpcf7-form-control wpcf7-text wpcf7-validates-as-required jmeno-cf7\" aria-required=\"true\" aria-invalid=\"false\" placeholder=\"Name (required)\" \/><\/span><\/div>\n<div class=\"col-md-6\" style=\"margin-bottom: 20px;\"><span class=\"wpcf7-form-control-wrap your-email\"><input type=\"email\" name=\"your-email\" value=\"\" size=\"40\" class=\"wpcf7-form-control wpcf7-text wpcf7-email wpcf7-validates-as-required wpcf7-validates-as-email mail-cf7\" aria-required=\"true\" aria-invalid=\"false\" placeholder=\"E-mail (required)\" \/><\/span><\/div>\n<\/div>\n<div class=\"row\">\n<div class=\"col-md-6\" style=\"margin-bottom: 20px;\"><span class=\"wpcf7-form-control-wrap firma\"><input type=\"text\" name=\"firma\" value=\"\" size=\"40\" class=\"wpcf7-form-control wpcf7-text predmet-cf7\" aria-invalid=\"false\" placeholder=\"Company name\" \/><\/span><\/div>\n<div class=\"col-md-6\" style=\"margin-bottom: 20px;\"><span class=\"wpcf7-form-control-wrap telefon\"><input type=\"tel\" name=\"telefon\" value=\"\" size=\"40\" class=\"wpcf7-form-control wpcf7-text wpcf7-tel wpcf7-validates-as-required wpcf7-validates-as-tel telefon-cf7\" aria-required=\"true\" aria-invalid=\"false\" placeholder=\"Phone (required)\" \/><\/span><\/div>\n<\/div>\n<div class=\"row\">\n<div class=\"col-md-12\" style=\"margin-bottom: 20px;\">Import schematic - (Max 5MB)<span class=\"wpcf7-form-control-wrap soubor-1\"><input type=\"file\" name=\"soubor-1\" size=\"40\" class=\"wpcf7-form-control wpcf7-file soubor-cf7\" accept=\".jpg,.jpeg,.png,.gif,.pdf,.doc,.docx,.ppt,.pptx,.odt,.avi,.ogg,.m4a,.mov,.mp3,.mp4,.mpg,.wav,.wmv\" aria-invalid=\"false\" \/><\/span><\/div>\n<\/div>\n<div class=\"row\">\n<div class=\"col-md-12\" style=\"margin-bottom: 20px;\">Import schematic - (Max 5MB)<span class=\"wpcf7-form-control-wrap soubor-2\"><input type=\"file\" name=\"soubor-2\" size=\"40\" class=\"wpcf7-form-control wpcf7-file soubor-cf7\" accept=\".jpg,.jpeg,.png,.gif,.pdf,.doc,.docx,.ppt,.pptx,.odt,.avi,.ogg,.m4a,.mov,.mp3,.mp4,.mpg,.wav,.wmv\" aria-invalid=\"false\" \/><\/span><\/div>\n<\/div>\n<div class=\"row\">\n<div class=\"col-md-12\" style=\"margin-bottom: 20px;\">Import schematic - (Max 5MB)<span class=\"wpcf7-form-control-wrap soubor-3\"><input type=\"file\" name=\"soubor-3\" size=\"40\" class=\"wpcf7-form-control wpcf7-file soubor-cf7\" accept=\".jpg,.jpeg,.png,.gif,.pdf,.doc,.docx,.ppt,.pptx,.odt,.avi,.ogg,.m4a,.mov,.mp3,.mp4,.mpg,.wav,.wmv\" aria-invalid=\"false\" \/><\/span><\/div>\n<\/div>\n<div class=\"row\">\n<div class=\"col-md-12\" style=\"margin-bottom: 20px;\"><span class=\"wpcf7-form-control-wrap zprava\"><textarea name=\"zprava\" cols=\"40\" rows=\"10\" class=\"wpcf7-form-control wpcf7-textarea zprava-cf7\" aria-invalid=\"false\" placeholder=\"Please enter your request here, including the number of pieces, thank you.\"><\/textarea><\/span><\/div>\n<\/div>\n<p>By entering your personal data you agree to <a href=\"\/en\/podminky-ochrany-osobnich-udaju\/\" target=\"_blank\"><strong>the privacy policy<\/strong><\/a><\/p>\n<div class=\"row\">\n<div class=\"col-md-12\"><input type=\"submit\" value=\"Send\" class=\"wpcf7-form-control wpcf7-submit\" \/><\/div>\n<\/div>\n<div class=\"fusion-alert alert custom alert-custom fusion-alert-center wpcf7-response-output alert-dismissable\" style=\"border-width:1px;\"><button type=\"button\" class=\"close toggle-alert\" data-dismiss=\"alert\" aria-label=\"Close\">&times;<\/button><div class=\"fusion-alert-content-wrapper\"><span class=\"fusion-alert-content\"><\/span><\/div><\/div><\/form><\/div><\/div><style type=\"text\/css\">.fusion-body .fusion-builder-column-5{width:100% !important;margin-top : 0px;margin-bottom : 20px;}.fusion-builder-column-5 > .fusion-column-wrapper {padding-top : 50 !important;padding-right : 0px !important;margin-right : 1.92%;padding-bottom : 50 !important;padding-left : 0px !important;margin-left : 1.92%;}@media only screen and (max-width:1024px) {.fusion-body .fusion-builder-column-5{width:100% !important;order : 0;}.fusion-builder-column-5 > .fusion-column-wrapper {margin-right : 1.92%;margin-left : 1.92%;}}@media only screen and (max-width:640px) {.fusion-body .fusion-builder-column-5{width:100% !important;order : 0;}.fusion-builder-column-5 > .fusion-column-wrapper {margin-right : 1.92%;margin-left : 1.92%;}}<\/style><\/div><\/div><style type=\"text\/css\">.fusion-body .fusion-flex-container.fusion-builder-row-2{ padding-top : 100px;margin-top : 100px;padding-right : 0px;padding-bottom : 50px;margin-bottom : 0px;padding-left : 0px;}<\/style><\/div><\/p>\n","protected":false},"excerpt":{"rendered":"","protected":false},"author":1,"featured_media":0,"parent":678,"menu_order":0,"comment_status":"closed","ping_status":"closed","template":"100-width.php","meta":[],"yoast_head":"<!-- This site is optimized with the Yoast SEO plugin v17.0 - https:\/\/yoast.com\/wordpress\/plugins\/seo\/ -->\n<title>Sharpening | MONOMETAL n\u00e1stroje sro<\/title>\n<meta name=\"robots\" content=\"index, follow, max-snippet:-1, max-image-preview:large, max-video-preview:-1\" \/>\n<link rel=\"canonical\" href=\"https:\/\/monometal.com\/en\/services\/sharpening\/\" \/>\n<meta property=\"og:locale\" content=\"en_US\" \/>\n<meta property=\"og:type\" content=\"article\" \/>\n<meta property=\"og:title\" content=\"Sharpening | MONOMETAL n\u00e1stroje sro\" \/>\n<meta property=\"og:url\" content=\"https:\/\/monometal.com\/en\/services\/sharpening\/\" \/>\n<meta property=\"og:site_name\" content=\"MONOMETAL n\u00e1stroje sro\" \/>\n<meta property=\"article:modified_time\" content=\"2021-10-07T13:19:29+00:00\" \/>\n<meta name=\"twitter:card\" content=\"summary_large_image\" \/>\n<meta name=\"twitter:label1\" content=\"Est. reading time\" \/>\n\t<meta name=\"twitter:data1\" content=\"5 minutes\" \/>\n<script type=\"application\/ld+json\" class=\"yoast-schema-graph\">{\"@context\":\"https:\/\/schema.org\",\"@graph\":[{\"@type\":\"WebSite\",\"@id\":\"https:\/\/monometal.com\/#website\",\"url\":\"https:\/\/monometal.com\/\",\"name\":\"MONOMETAL n\\u00e1stroje sro\",\"description\":\"Obr\\u00e1b\\u011bc\\u00ed n\\u00e1stroje na m\\u00edru\",\"potentialAction\":[{\"@type\":\"SearchAction\",\"target\":{\"@type\":\"EntryPoint\",\"urlTemplate\":\"https:\/\/monometal.com\/?s={search_term_string}\"},\"query-input\":\"required name=search_term_string\"}],\"inLanguage\":\"en-US\"},{\"@type\":\"WebPage\",\"@id\":\"https:\/\/monometal.com\/en\/services\/sharpening\/#webpage\",\"url\":\"https:\/\/monometal.com\/en\/services\/sharpening\/\",\"name\":\"Sharpening | MONOMETAL n\\u00e1stroje sro\",\"isPartOf\":{\"@id\":\"https:\/\/monometal.com\/#website\"},\"datePublished\":\"2021-06-01T13:22:10+00:00\",\"dateModified\":\"2021-10-07T13:19:29+00:00\",\"breadcrumb\":{\"@id\":\"https:\/\/monometal.com\/en\/services\/sharpening\/#breadcrumb\"},\"inLanguage\":\"en-US\",\"potentialAction\":[{\"@type\":\"ReadAction\",\"target\":[\"https:\/\/monometal.com\/en\/services\/sharpening\/\"]}]},{\"@type\":\"BreadcrumbList\",\"@id\":\"https:\/\/monometal.com\/en\/services\/sharpening\/#breadcrumb\",\"itemListElement\":[{\"@type\":\"ListItem\",\"position\":1,\"name\":\"Services\",\"item\":\"https:\/\/monometal.com\/en\/services\/\"},{\"@type\":\"ListItem\",\"position\":2,\"name\":\"Sharpening\"}]}]}<\/script>\n<!-- \/ Yoast SEO plugin. -->","yoast_head_json":{"title":"Sharpening | MONOMETAL n\u00e1stroje sro","robots":{"index":"index","follow":"follow","max-snippet":"max-snippet:-1","max-image-preview":"max-image-preview:large","max-video-preview":"max-video-preview:-1"},"canonical":"https:\/\/monometal.com\/en\/services\/sharpening\/","og_locale":"en_US","og_type":"article","og_title":"Sharpening | MONOMETAL n\u00e1stroje sro","og_url":"https:\/\/monometal.com\/en\/services\/sharpening\/","og_site_name":"MONOMETAL n\u00e1stroje sro","article_modified_time":"2021-10-07T13:19:29+00:00","twitter_card":"summary_large_image","twitter_misc":{"Est. reading time":"5 minutes"},"schema":{"@context":"https:\/\/schema.org","@graph":[{"@type":"WebSite","@id":"https:\/\/monometal.com\/#website","url":"https:\/\/monometal.com\/","name":"MONOMETAL n\u00e1stroje sro","description":"Obr\u00e1b\u011bc\u00ed n\u00e1stroje na m\u00edru","potentialAction":[{"@type":"SearchAction","target":{"@type":"EntryPoint","urlTemplate":"https:\/\/monometal.com\/?s={search_term_string}"},"query-input":"required name=search_term_string"}],"inLanguage":"en-US"},{"@type":"WebPage","@id":"https:\/\/monometal.com\/en\/services\/sharpening\/#webpage","url":"https:\/\/monometal.com\/en\/services\/sharpening\/","name":"Sharpening | MONOMETAL n\u00e1stroje sro","isPartOf":{"@id":"https:\/\/monometal.com\/#website"},"datePublished":"2021-06-01T13:22:10+00:00","dateModified":"2021-10-07T13:19:29+00:00","breadcrumb":{"@id":"https:\/\/monometal.com\/en\/services\/sharpening\/#breadcrumb"},"inLanguage":"en-US","potentialAction":[{"@type":"ReadAction","target":["https:\/\/monometal.com\/en\/services\/sharpening\/"]}]},{"@type":"BreadcrumbList","@id":"https:\/\/monometal.com\/en\/services\/sharpening\/#breadcrumb","itemListElement":[{"@type":"ListItem","position":1,"name":"Services","item":"https:\/\/monometal.com\/en\/services\/"},{"@type":"ListItem","position":2,"name":"Sharpening"}]}]}},"_links":{"self":[{"href":"https:\/\/monometal.com\/en\/wp-json\/wp\/v2\/pages\/686"}],"collection":[{"href":"https:\/\/monometal.com\/en\/wp-json\/wp\/v2\/pages"}],"about":[{"href":"https:\/\/monometal.com\/en\/wp-json\/wp\/v2\/types\/page"}],"author":[{"embeddable":true,"href":"https:\/\/monometal.com\/en\/wp-json\/wp\/v2\/users\/1"}],"replies":[{"embeddable":true,"href":"https:\/\/monometal.com\/en\/wp-json\/wp\/v2\/comments?post=686"}],"version-history":[{"count":3,"href":"https:\/\/monometal.com\/en\/wp-json\/wp\/v2\/pages\/686\/revisions"}],"predecessor-version":[{"id":776,"href":"https:\/\/monometal.com\/en\/wp-json\/wp\/v2\/pages\/686\/revisions\/776"}],"up":[{"embeddable":true,"href":"https:\/\/monometal.com\/en\/wp-json\/wp\/v2\/pages\/678"}],"wp:attachment":[{"href":"https:\/\/monometal.com\/en\/wp-json\/wp\/v2\/media?parent=686"}],"curies":[{"name":"wp","href":"https:\/\/api.w.org\/{rel}","templated":true}]}}