{"id":800,"date":"2021-06-01T15:27:54","date_gmt":"2021-06-01T13:27:54","guid":{"rendered":"http:\/\/monometal.com\/kontakty\/"},"modified":"2021-09-13T15:18:56","modified_gmt":"2021-09-13T13:18:56","slug":"kontakt","status":"publish","type":"page","link":"https:\/\/monometal.com\/de\/kontakt\/","title":{"rendered":"Kontakt"},"content":{"rendered":"<p><div class=\"fusion-fullwidth fullwidth-box fusion-builder-row-1 fusion-flex-container nonhundred-percent-fullwidth non-hundred-percent-height-scrolling\" style=\"background-color: rgba(255,255,255,0);background-position: center center;background-repeat: no-repeat;border-width: 0px 0px 0px 0px;border-color:#e2e2e2;border-style:solid;\" ><div class=\"fusion-builder-row fusion-row fusion-flex-align-items-flex-start\" style=\"max-width:1289.6px;margin-left: calc(-4% \/ 2 );margin-right: calc(-4% \/ 2 );\"><div class=\"fusion-layout-column fusion_builder_column fusion-builder-column-0 fusion_builder_column_2_5 2_5 fusion-flex-column\"><div class=\"fusion-column-wrapper fusion-flex-justify-content-flex-start fusion-content-layout-column\" style=\"background-position:left top;background-repeat:no-repeat;-webkit-background-size:cover;-moz-background-size:cover;-o-background-size:cover;background-size:cover;padding: 0px 0px 0px 0px;\"><div class=\"fusion-separator\" style=\"align-self: flex-start;margin-right:auto;margin-top:20px;margin-bottom:40px;width:100%;max-width:100px;\"><div class=\"fusion-separator-border sep-single sep-solid\" style=\"border-color:#5c9dd5;border-top-width:2px;\"><\/div><\/div><style type=\"text\/css\">@media only screen and (max-width:1024px) {.fusion-title.fusion-title-1{margin-top:10px!important; margin-right:!important;margin-bottom:15px!important;margin-left:!important;}}@media only screen and (max-width:640px) {.fusion-title.fusion-title-1{margin-top:10px!important; margin-right:!important;margin-bottom:10px!important; margin-left:!important;}}<\/style><div class=\"fusion-title title fusion-title-1 fusion-sep-none fusion-title-text fusion-title-size-three\" style=\"font-size:24px;margin-top:10px;margin-bottom:15px;\"><h3 class=\"title-heading-left\" style=\"margin:0;font-size:1em;\">MONOMETAL n\u00e1stroje s.r.o.<\/h3><\/div><div class=\"fusion-text fusion-text-1\" style=\"text-align:center;color:#000000;\"><p style=\"text-align: left;\">Mo\u0161nov 404<br \/>\n742&nbsp;51 Mo\u0161nov<br \/>\nCzech Republic<\/p>\n<\/div><div class=\"fusion-text fusion-text-2 contact-text\" style=\"font-size:18px;\"><p><strong>I\u010c:<\/strong> 25890182<br \/>\n<strong>DI\u010c:<\/strong> CZ25890182<\/p>\n<p><strong>GPS<\/strong>: N49\u00b041&#8217;52.968&#8243;, E18\u00b07&#8217;24.923&#8243;<\/p>\n<p><i class=\"fas fa-phone-alt\" style=\"color: #5c9dd5;\"><\/i> <a style=\"color: #5c9dd5;\" href=\"tel:+420597471297\">+420&nbsp;597&nbsp;471&nbsp;297<\/a><br \/>\n<i class=\"fas fa-envelope\" style=\"color: #5c9dd5;\"><\/i> <a style=\"color: #5c9dd5;\" href=\"mailto:info@monometal.com\">info@monometal.com<\/a><\/p>\n<\/div><div class=\"fusion-text fusion-text-3\"><p><strong>OR KS Ostrava, abschnitt C, einsatz 24419<\/strong><\/p>\n<\/div><\/div><style type=\"text\/css\">.fusion-body .fusion-builder-column-0{width:40% !important;margin-top : 0px;margin-bottom : 20px;}.fusion-builder-column-0 > .fusion-column-wrapper {padding-top : 0px !important;padding-right : 0px !important;margin-right : 4.8%;padding-bottom : 0px !important;padding-left : 0px !important;margin-left : 4.8%;}@media only screen and (max-width:1024px) {.fusion-body .fusion-builder-column-0{width:40% !important;order : 0;}.fusion-builder-column-0 > .fusion-column-wrapper {margin-right : 4.8%;margin-left : 4.8%;}}@media only screen and (max-width:640px) {.fusion-body .fusion-builder-column-0{width:100% !important;order : 0;}.fusion-builder-column-0 > .fusion-column-wrapper {margin-right : 1.92%;margin-left : 1.92%;}}<\/style><\/div><div class=\"fusion-layout-column fusion_builder_column fusion-builder-column-1 fusion_builder_column_3_5 3_5 fusion-flex-column contact-image-bg\"><div class=\"fusion-column-wrapper fusion-flex-justify-content-flex-start fusion-content-layout-column\" style=\"background-position:left top;background-repeat:no-repeat;-webkit-background-size:cover;-moz-background-size:cover;-o-background-size:cover;background-size:cover;border-radius:10px 10px 10px 10px;border-radius:10px 10px 10px 10px;overflow:hidden;padding: 0px 0px 0px 0px;\"><iframe src=\"https:\/\/www.google.com\/maps\/embed?pb=!1m18!1m12!1m3!1d2580.673816110884!2d18.121499016079273!3d49.69811507937852!2m3!1f0!2f0!3f0!3m2!1i1024!2i768!4f13.1!3m3!1m2!1s0x4713eee6585ae7b7%3A0xd582b92e1c549b20!2sMonometal%20n%C3%A1stroje%2C%20s.r.o.!5e0!3m2!1sde!2sde!4v1622638805376!5m2!1sde!2sde\"\nwidth=\"100%\" height=\"450\" style=\"border:0;\" allowfullscreen=\"\" loading=\"lazy\"><\/iframe><\/div><style type=\"text\/css\">.fusion-body .fusion-builder-column-1{width:60% !important;margin-top : 0px;margin-bottom : 20px;}.fusion-builder-column-1 > .fusion-column-wrapper {padding-top : 0px !important;padding-right : 0px !important;margin-right : 3.2%;padding-bottom : 0px !important;padding-left : 0px !important;margin-left : 3.2%;}@media only screen and (max-width:1024px) {.fusion-body .fusion-builder-column-1{width:60% !important;order : 0;}.fusion-builder-column-1 > .fusion-column-wrapper {margin-right : 3.2%;margin-left : 3.2%;}}@media only screen and (max-width:640px) {.fusion-body .fusion-builder-column-1{width:100% !important;order : 0;}.fusion-builder-column-1 > .fusion-column-wrapper {margin-right : 1.92%;margin-left : 1.92%;}}<\/style><\/div><\/div><style type=\"text\/css\">.fusion-body .fusion-flex-container.fusion-builder-row-1{ padding-top : 100px;margin-top : 0px;padding-right : 0px;padding-bottom : 100px;margin-bottom : 0px;padding-left : 0px;}<\/style><\/div><div id=\"formular\"><div class=\"fusion-fullwidth fullwidth-box fusion-builder-row-2 fusion-flex-container formular nonhundred-percent-fullwidth non-hundred-percent-height-scrolling\" style=\"background-color: #4a93d1;background-position: center center;background-repeat: no-repeat;border-width: 0px 0px 0px 0px;border-color:#e2e2e2;border-style:solid;\" ><div class=\"fusion-builder-row fusion-row fusion-flex-align-items-flex-start\" style=\"max-width:1289.6px;margin-left: calc(-4% \/ 2 );margin-right: calc(-4% \/ 2 );\"><div class=\"fusion-layout-column fusion_builder_column fusion-builder-column-2 fusion_builder_column_1_1 1_1 fusion-flex-column\"><div class=\"fusion-column-wrapper fusion-flex-justify-content-flex-start fusion-content-layout-column\" style=\"background-position:left top;background-repeat:no-repeat;-webkit-background-size:cover;-moz-background-size:cover;-o-background-size:cover;background-size:cover;padding: 0px 0px 0px 0px;\"><style type=\"text\/css\">@media only screen and (max-width:1024px) {.fusion-title.fusion-title-2{margin-top:10px!important; margin-right:!important;margin-bottom:15px!important;margin-left:!important;}}@media only screen and (max-width:640px) {.fusion-title.fusion-title-2{margin-top:10px!important; margin-right:!important;margin-bottom:10px!important; margin-left:!important;}}<\/style><div class=\"fusion-title title fusion-title-2 fusion-sep-none fusion-title-text fusion-title-size-two\" style=\"margin-top:10px;margin-bottom:15px;\"><h2 class=\"title-heading-left\" style=\"margin:0;color:#ffffff;\">Haben Sie eine Frage? Kontaktieren Sie uns!<\/h2><\/div><div class=\"fusion-separator\" style=\"align-self: flex-start;margin-right:auto;margin-top:20px;width:100%;max-width:100px;\"><div class=\"fusion-separator-border sep-single sep-solid\" style=\"border-color:#ffffff;border-top-width:4px;\"><\/div><\/div><\/div><style type=\"text\/css\">.fusion-body .fusion-builder-column-2{width:100% !important;margin-top : 0px;margin-bottom : 0px;}.fusion-builder-column-2 > .fusion-column-wrapper {padding-top : 0px !important;padding-right : 0px !important;margin-right : 1.92%;padding-bottom : 0px !important;padding-left : 0px !important;margin-left : 1.92%;}@media only screen and (max-width:1024px) {.fusion-body .fusion-builder-column-2{width:100% !important;order : 0;}.fusion-builder-column-2 > .fusion-column-wrapper {margin-right : 1.92%;margin-left : 1.92%;}}@media only screen and (max-width:640px) {.fusion-body .fusion-builder-column-2{width:100% !important;order : 0;}.fusion-builder-column-2 > .fusion-column-wrapper {margin-right : 1.92%;margin-left : 1.92%;}}<\/style><\/div><div class=\"fusion-layout-column fusion_builder_column fusion-builder-column-3 fusion_builder_column_1_1 1_1 fusion-flex-column\"><div class=\"fusion-column-wrapper fusion-flex-justify-content-flex-start fusion-content-layout-column\" style=\"background-position:left top;background-repeat:no-repeat;-webkit-background-size:cover;-moz-background-size:cover;-o-background-size:cover;background-size:cover;padding: 50px 0px 50px 0px;\"><div role=\"form\" class=\"wpcf7\" id=\"wpcf7-f740-o1\" lang=\"cs-CZ\" dir=\"ltr\">\n<div class=\"screen-reader-response\"><p role=\"status\" aria-live=\"polite\" aria-atomic=\"true\"><\/p> <ul><\/ul><\/div>\n<form action=\"\/de\/wp-json\/wp\/v2\/pages\/800#wpcf7-f740-o1\" method=\"post\" class=\"wpcf7-form init\" enctype=\"multipart\/form-data\" novalidate=\"novalidate\" data-status=\"init\">\n<div style=\"display: none;\">\n<input type=\"hidden\" name=\"_wpcf7\" value=\"740\" \/>\n<input type=\"hidden\" name=\"_wpcf7_version\" value=\"5.4.2\" \/>\n<input type=\"hidden\" name=\"_wpcf7_locale\" value=\"cs_CZ\" \/>\n<input type=\"hidden\" name=\"_wpcf7_unit_tag\" value=\"wpcf7-f740-o1\" \/>\n<input type=\"hidden\" name=\"_wpcf7_container_post\" value=\"0\" \/>\n<input type=\"hidden\" name=\"_wpcf7_posted_data_hash\" value=\"\" \/>\n<input type=\"hidden\" name=\"_wpcf7_recaptcha_response\" value=\"\" \/>\n<\/div>\n<div class=\"row\">\n<div class=\"col-md-6\" style=\"margin-bottom: 20px;\"><span class=\"wpcf7-form-control-wrap jmeno\"><input type=\"text\" name=\"jmeno\" value=\"\" size=\"40\" class=\"wpcf7-form-control wpcf7-text wpcf7-validates-as-required jmeno-cf7\" aria-required=\"true\" aria-invalid=\"false\" placeholder=\"Name (erforderlich)\" \/><\/span><\/div>\n<div class=\"col-md-6\" style=\"margin-bottom: 20px;\"><span class=\"wpcf7-form-control-wrap your-email\"><input type=\"email\" name=\"your-email\" value=\"\" size=\"40\" class=\"wpcf7-form-control wpcf7-text wpcf7-email wpcf7-validates-as-required wpcf7-validates-as-email mail-cf7\" aria-required=\"true\" aria-invalid=\"false\" placeholder=\"E-mail (erforderlich)\" \/><\/span><\/div>\n<\/div>\n<div class=\"row\">\n<div class=\"col-md-6\" style=\"margin-bottom: 20px;\"><span class=\"wpcf7-form-control-wrap firma\"><input type=\"text\" name=\"firma\" value=\"\" size=\"40\" class=\"wpcf7-form-control wpcf7-text predmet-cf7\" aria-invalid=\"false\" placeholder=\"Name des Unternehmens\" \/><\/span><\/div>\n<div class=\"col-md-6\" style=\"margin-bottom: 20px;\"><span class=\"wpcf7-form-control-wrap telefon\"><input type=\"tel\" name=\"telefon\" value=\"\" size=\"40\" class=\"wpcf7-form-control wpcf7-text wpcf7-tel wpcf7-validates-as-required wpcf7-validates-as-tel telefon-cf7\" aria-required=\"true\" aria-invalid=\"false\" placeholder=\"Telefon (erforderlich)\" \/><\/span><\/div>\n<\/div>\n<div class=\"row\">\n<div class=\"col-md-12\" style=\"margin-bottom: 20px;\">Zeichnung einf\u00fcgen - (maximal 5MB)<span class=\"wpcf7-form-control-wrap soubor-1\"><input type=\"file\" name=\"soubor-1\" size=\"40\" class=\"wpcf7-form-control wpcf7-file soubor-cf7\" accept=\".jpg,.jpeg,.png,.gif,.pdf,.doc,.docx,.ppt,.pptx,.odt,.avi,.ogg,.m4a,.mov,.mp3,.mp4,.mpg,.wav,.wmv\" aria-invalid=\"false\" \/><\/span><\/div>\n<\/div>\n<div class=\"row\">\n<div class=\"col-md-12\" style=\"margin-bottom: 20px;\">Zeichnung einf\u00fcgen - (maximal 5MB)<span class=\"wpcf7-form-control-wrap soubor-2\"><input type=\"file\" name=\"soubor-2\" size=\"40\" class=\"wpcf7-form-control wpcf7-file soubor-cf7\" accept=\".jpg,.jpeg,.png,.gif,.pdf,.doc,.docx,.ppt,.pptx,.odt,.avi,.ogg,.m4a,.mov,.mp3,.mp4,.mpg,.wav,.wmv\" aria-invalid=\"false\" \/><\/span><\/div>\n<\/div>\n<div class=\"row\">\n<div class=\"col-md-12\" style=\"margin-bottom: 20px;\">Zeichnung einf\u00fcgen - (maximal 5MB)<span class=\"wpcf7-form-control-wrap soubor-3\"><input type=\"file\" name=\"soubor-3\" size=\"40\" class=\"wpcf7-form-control wpcf7-file soubor-cf7\" accept=\".jpg,.jpeg,.png,.gif,.pdf,.doc,.docx,.ppt,.pptx,.odt,.avi,.ogg,.m4a,.mov,.mp3,.mp4,.mpg,.wav,.wmv\" aria-invalid=\"false\" \/><\/span><\/div>\n<\/div>\n<div class=\"row\">\n<div class=\"col-md-12\" style=\"margin-bottom: 20px;\"><span class=\"wpcf7-form-control-wrap zprava\"><textarea name=\"zprava\" cols=\"40\" rows=\"10\" class=\"wpcf7-form-control wpcf7-textarea zprava-cf7\" aria-invalid=\"false\" placeholder=\"Bitte geben Sie hier den Text Ihrer Anfrage ein, einschlie\u00dflich der St\u00fcckzahl, danke.\"><\/textarea><\/span><\/div>\n<\/div>\n<p>Mit der Eingabe Ihrer pers\u00f6nlichen Daten erkl\u00e4ren Sie sich mit <a href=\"\/de\/podminky-ochrany-osobnich-udaju\/\" target=\"_blank\"><strong>den Bedingungen der Datenschutzrichtlinie einverstanden.<\/strong><\/a><\/p>\n<div class=\"row\">\n<div class=\"col-md-12\"><input type=\"submit\" value=\"Senden\" class=\"wpcf7-form-control wpcf7-submit\" \/><\/div>\n<\/div>\n<div class=\"fusion-alert alert custom alert-custom fusion-alert-center wpcf7-response-output alert-dismissable\" style=\"border-width:1px;\"><button type=\"button\" class=\"close toggle-alert\" data-dismiss=\"alert\" aria-label=\"Close\">&times;<\/button><div class=\"fusion-alert-content-wrapper\"><span class=\"fusion-alert-content\"><\/span><\/div><\/div><\/form><\/div><\/div><style type=\"text\/css\">.fusion-body .fusion-builder-column-3{width:100% !important;margin-top : 0px;margin-bottom : 20px;}.fusion-builder-column-3 > .fusion-column-wrapper {padding-top : 50 !important;padding-right : 0px !important;margin-right : 1.92%;padding-bottom : 50 !important;padding-left : 0px !important;margin-left : 1.92%;}@media only screen and (max-width:1024px) {.fusion-body .fusion-builder-column-3{width:100% !important;order : 0;}.fusion-builder-column-3 > .fusion-column-wrapper {margin-right : 1.92%;margin-left : 1.92%;}}@media only screen and (max-width:640px) {.fusion-body .fusion-builder-column-3{width:100% !important;order : 0;}.fusion-builder-column-3 > .fusion-column-wrapper {margin-right : 1.92%;margin-left : 1.92%;}}<\/style><\/div><\/div><style type=\"text\/css\">.fusion-body .fusion-flex-container.fusion-builder-row-2{ padding-top : 100px;margin-top : 100px;padding-right : 0px;padding-bottom : 50px;margin-bottom : 0px;padding-left : 0px;}<\/style><\/div><\/div><\/p>\n","protected":false},"excerpt":{"rendered":"","protected":false},"author":1,"featured_media":0,"parent":0,"menu_order":0,"comment_status":"closed","ping_status":"closed","template":"100-width.php","meta":[],"yoast_head":"<!-- This site is optimized with the Yoast SEO plugin v17.0 - https:\/\/yoast.com\/wordpress\/plugins\/seo\/ -->\n<title>Kontakt | MONOMETAL n\u00e1stroje sro<\/title>\n<meta name=\"robots\" content=\"index, follow, max-snippet:-1, max-image-preview:large, max-video-preview:-1\" \/>\n<link rel=\"canonical\" href=\"https:\/\/monometal.com\/de\/kontakt\/\" \/>\n<meta property=\"og:locale\" content=\"de_DE\" \/>\n<meta property=\"og:type\" content=\"article\" \/>\n<meta property=\"og:title\" content=\"Kontakt | MONOMETAL n\u00e1stroje sro\" \/>\n<meta property=\"og:url\" content=\"https:\/\/monometal.com\/de\/kontakt\/\" \/>\n<meta property=\"og:site_name\" content=\"MONOMETAL n\u00e1stroje sro\" \/>\n<meta property=\"article:modified_time\" content=\"2021-09-13T13:18:56+00:00\" \/>\n<meta name=\"twitter:card\" content=\"summary_large_image\" \/>\n<meta name=\"twitter:label1\" content=\"Gesch\u00e4tzte Lesezeit\" \/>\n\t<meta name=\"twitter:data1\" content=\"4 Minuten\" \/>\n<script type=\"application\/ld+json\" class=\"yoast-schema-graph\">{\"@context\":\"https:\/\/schema.org\",\"@graph\":[{\"@type\":\"WebSite\",\"@id\":\"https:\/\/monometal.com\/#website\",\"url\":\"https:\/\/monometal.com\/\",\"name\":\"MONOMETAL n\\u00e1stroje sro\",\"description\":\"Obr\\u00e1b\\u011bc\\u00ed n\\u00e1stroje na m\\u00edru\",\"potentialAction\":[{\"@type\":\"SearchAction\",\"target\":{\"@type\":\"EntryPoint\",\"urlTemplate\":\"https:\/\/monometal.com\/?s={search_term_string}\"},\"query-input\":\"required name=search_term_string\"}],\"inLanguage\":\"de-DE\"},{\"@type\":\"WebPage\",\"@id\":\"https:\/\/monometal.com\/de\/kontakt\/#webpage\",\"url\":\"https:\/\/monometal.com\/de\/kontakt\/\",\"name\":\"Kontakt | MONOMETAL n\\u00e1stroje sro\",\"isPartOf\":{\"@id\":\"https:\/\/monometal.com\/#website\"},\"datePublished\":\"2021-06-01T13:27:54+00:00\",\"dateModified\":\"2021-09-13T13:18:56+00:00\",\"breadcrumb\":{\"@id\":\"https:\/\/monometal.com\/de\/kontakt\/#breadcrumb\"},\"inLanguage\":\"de-DE\",\"potentialAction\":[{\"@type\":\"ReadAction\",\"target\":[\"https:\/\/monometal.com\/de\/kontakt\/\"]}]},{\"@type\":\"BreadcrumbList\",\"@id\":\"https:\/\/monometal.com\/de\/kontakt\/#breadcrumb\",\"itemListElement\":[{\"@type\":\"ListItem\",\"position\":1,\"name\":\"Kontakt\"}]}]}<\/script>\n<!-- \/ Yoast SEO plugin. -->","yoast_head_json":{"title":"Kontakt | MONOMETAL n\u00e1stroje sro","robots":{"index":"index","follow":"follow","max-snippet":"max-snippet:-1","max-image-preview":"max-image-preview:large","max-video-preview":"max-video-preview:-1"},"canonical":"https:\/\/monometal.com\/de\/kontakt\/","og_locale":"de_DE","og_type":"article","og_title":"Kontakt | MONOMETAL n\u00e1stroje sro","og_url":"https:\/\/monometal.com\/de\/kontakt\/","og_site_name":"MONOMETAL n\u00e1stroje sro","article_modified_time":"2021-09-13T13:18:56+00:00","twitter_card":"summary_large_image","twitter_misc":{"Gesch\u00e4tzte Lesezeit":"4 Minuten"},"schema":{"@context":"https:\/\/schema.org","@graph":[{"@type":"WebSite","@id":"https:\/\/monometal.com\/#website","url":"https:\/\/monometal.com\/","name":"MONOMETAL n\u00e1stroje sro","description":"Obr\u00e1b\u011bc\u00ed n\u00e1stroje na m\u00edru","potentialAction":[{"@type":"SearchAction","target":{"@type":"EntryPoint","urlTemplate":"https:\/\/monometal.com\/?s={search_term_string}"},"query-input":"required name=search_term_string"}],"inLanguage":"de-DE"},{"@type":"WebPage","@id":"https:\/\/monometal.com\/de\/kontakt\/#webpage","url":"https:\/\/monometal.com\/de\/kontakt\/","name":"Kontakt | MONOMETAL n\u00e1stroje sro","isPartOf":{"@id":"https:\/\/monometal.com\/#website"},"datePublished":"2021-06-01T13:27:54+00:00","dateModified":"2021-09-13T13:18:56+00:00","breadcrumb":{"@id":"https:\/\/monometal.com\/de\/kontakt\/#breadcrumb"},"inLanguage":"de-DE","potentialAction":[{"@type":"ReadAction","target":["https:\/\/monometal.com\/de\/kontakt\/"]}]},{"@type":"BreadcrumbList","@id":"https:\/\/monometal.com\/de\/kontakt\/#breadcrumb","itemListElement":[{"@type":"ListItem","position":1,"name":"Kontakt"}]}]}},"_links":{"self":[{"href":"https:\/\/monometal.com\/de\/wp-json\/wp\/v2\/pages\/800"}],"collection":[{"href":"https:\/\/monometal.com\/de\/wp-json\/wp\/v2\/pages"}],"about":[{"href":"https:\/\/monometal.com\/de\/wp-json\/wp\/v2\/types\/page"}],"author":[{"embeddable":true,"href":"https:\/\/monometal.com\/de\/wp-json\/wp\/v2\/users\/1"}],"replies":[{"embeddable":true,"href":"https:\/\/monometal.com\/de\/wp-json\/wp\/v2\/comments?post=800"}],"version-history":[{"count":4,"href":"https:\/\/monometal.com\/de\/wp-json\/wp\/v2\/pages\/800\/revisions"}],"predecessor-version":[{"id":871,"href":"https:\/\/monometal.com\/de\/wp-json\/wp\/v2\/pages\/800\/revisions\/871"}],"wp:attachment":[{"href":"https:\/\/monometal.com\/de\/wp-json\/wp\/v2\/media?parent=800"}],"curies":[{"name":"wp","href":"https:\/\/api.w.org\/{rel}","templated":true}]}}