{"id":777,"date":"2021-06-01T15:22:52","date_gmt":"2021-06-01T13:22:52","guid":{"rendered":"http:\/\/monometal.com\/dienstleistungen\/povlakovani\/"},"modified":"2021-09-14T09:11:47","modified_gmt":"2021-09-14T07:11:47","slug":"beschichtung","status":"publish","type":"page","link":"https:\/\/monometal.com\/de\/dienstleistungen\/beschichtung\/","title":{"rendered":"Beschichtung"},"content":{"rendered":"<div class=\"fusion-fullwidth fullwidth-box fusion-builder-row-1 fusion-flex-container nonhundred-percent-fullwidth non-hundred-percent-height-scrolling\" style=\"background-color: rgba(255,255,255,0);background-position: center center;background-repeat: no-repeat;border-width: 0px 0px 0px 0px;border-color:#e2e2e2;border-style:solid;\" ><div class=\"fusion-builder-row fusion-row fusion-flex-align-items-center\" style=\"max-width:1289.6px;margin-left: calc(-4% \/ 2 );margin-right: calc(-4% \/ 2 );\"><div class=\"fusion-layout-column fusion_builder_column fusion-builder-column-0 fusion_builder_column_1_2 1_2 fusion-flex-column\"><div class=\"fusion-column-wrapper fusion-flex-justify-content-flex-start fusion-content-layout-column\" style=\"background-position:left top;background-repeat:no-repeat;-webkit-background-size:cover;-moz-background-size:cover;-o-background-size:cover;background-size:cover;padding: 0px 0px 0px 0px;\"><div class=\"fusion-text fusion-text-1\"><p>Auf neue und geschliffene Werkzeuge wird eine sehr d\u00fcnne Schicht aufgetragen, die ihre Leistungsf\u00e4higkeit deutlich erh\u00f6ht. Die Oberfl\u00e4che des Werkzeugs weist dann eine hohe H\u00e4rte, Abriebfestigkeit, einen niedrigen Reibungskoeffizienten und eine hohe Oxidationsbest\u00e4ndigkeit auf. Die Wahl der Beschichtung h\u00e4ngt vom Werkzeug und den spezifischen Einsatzbedingungen ab. Die am h\u00e4ufigsten verwendeten Beschichtungen sind TiN, TiAlN, AlCrN und andere Varianten, die durch PVD aufgebracht werden. M\u00f6chten Sie beschichten? Nehmen Sie Kontakt mit uns auf, um die Einzelheiten zu besprechen.<\/p>\n<\/div><\/div><style type=\"text\/css\">.fusion-body .fusion-builder-column-0{width:50% !important;margin-top : 0px;margin-bottom : 0px;}.fusion-builder-column-0 > .fusion-column-wrapper {padding-top : 0px !important;padding-right : 0px !important;margin-right : 3.84%;padding-bottom : 0px !important;padding-left : 0px !important;margin-left : 3.84%;}@media only screen and (max-width:1024px) {.fusion-body .fusion-builder-column-0{width:50% !important;order : 0;}.fusion-builder-column-0 > .fusion-column-wrapper {margin-right : 3.84%;margin-left : 3.84%;}}@media only screen and (max-width:640px) {.fusion-body .fusion-builder-column-0{width:100% !important;order : 0;}.fusion-builder-column-0 > .fusion-column-wrapper {margin-right : 1.92%;margin-left : 1.92%;}}<\/style><\/div><div class=\"fusion-layout-column fusion_builder_column fusion-builder-column-1 fusion_builder_column_1_2 1_2 fusion-flex-column about-bg\"><div class=\"fusion-column-wrapper fusion-flex-justify-content-flex-start fusion-content-layout-column\" style=\"background-position:left top;background-repeat:no-repeat;-webkit-background-size:cover;-moz-background-size:cover;-o-background-size:cover;background-size:cover;padding: 0px 0px 0px 0px;\"><div ><span class=\" fusion-imageframe imageframe-none imageframe-1 hover-type-none\"><a href=\"https:\/\/monometal.com\/wp-content\/uploads\/2021\/08\/povlak.jpg\" class=\"fusion-lightbox\" data-rel=\"iLightbox[beschichtung]\" data-title=\"povlak\" title=\"povlak\"><img width=\"1890\" height=\"778\" src=\"https:\/\/monometal.com\/wp-content\/uploads\/2021\/08\/povlak.jpg\" class=\"img-responsive wp-image-778\" srcset=\"https:\/\/monometal.com\/wp-content\/uploads\/2021\/08\/povlak-200x82.jpg 200w, https:\/\/monometal.com\/wp-content\/uploads\/2021\/08\/povlak-400x165.jpg 400w, https:\/\/monometal.com\/wp-content\/uploads\/2021\/08\/povlak-600x247.jpg 600w, https:\/\/monometal.com\/wp-content\/uploads\/2021\/08\/povlak-800x329.jpg 800w, https:\/\/monometal.com\/wp-content\/uploads\/2021\/08\/povlak-1200x494.jpg 1200w, https:\/\/monometal.com\/wp-content\/uploads\/2021\/08\/povlak.jpg 1890w\" sizes=\"(max-width: 640px) 100vw, 600px\" \/><\/a><\/span><\/div><\/div><style type=\"text\/css\">.fusion-body .fusion-builder-column-1{width:50% !important;margin-top : 0px;margin-bottom : 0px;}.fusion-builder-column-1 > .fusion-column-wrapper {padding-top : 0px !important;padding-right : 0px !important;margin-right : 3.84%;padding-bottom : 0px !important;padding-left : 0px !important;margin-left : 3.84%;}@media only screen and (max-width:1024px) {.fusion-body .fusion-builder-column-1{width:50% !important;order : 0;}.fusion-builder-column-1 > .fusion-column-wrapper {margin-right : 3.84%;margin-left : 3.84%;}}@media only screen and (max-width:640px) {.fusion-body .fusion-builder-column-1{width:100% !important;order : 0;}.fusion-builder-column-1 > .fusion-column-wrapper {margin-right : 1.92%;margin-left : 1.92%;}}<\/style><\/div><\/div><style type=\"text\/css\">.fusion-body .fusion-flex-container.fusion-builder-row-1{ padding-top : 100px;margin-top : 0px;padding-right : 0px;padding-bottom : 100px;margin-bottom : 0px;padding-left : 0px;}<\/style><\/div>\n","protected":false},"excerpt":{"rendered":"","protected":false},"author":1,"featured_media":0,"parent":765,"menu_order":0,"comment_status":"closed","ping_status":"closed","template":"100-width.php","meta":[],"yoast_head":"<!-- This site is optimized with the Yoast SEO plugin v17.0 - https:\/\/yoast.com\/wordpress\/plugins\/seo\/ -->\n<title>Beschichtung | MONOMETAL n\u00e1stroje sro<\/title>\n<meta name=\"robots\" content=\"index, follow, max-snippet:-1, max-image-preview:large, max-video-preview:-1\" \/>\n<link rel=\"canonical\" href=\"https:\/\/monometal.com\/de\/dienstleistungen\/beschichtung\/\" \/>\n<meta property=\"og:locale\" content=\"de_DE\" \/>\n<meta property=\"og:type\" content=\"article\" \/>\n<meta property=\"og:title\" content=\"Beschichtung | MONOMETAL n\u00e1stroje sro\" \/>\n<meta property=\"og:url\" content=\"https:\/\/monometal.com\/de\/dienstleistungen\/beschichtung\/\" \/>\n<meta property=\"og:site_name\" content=\"MONOMETAL n\u00e1stroje sro\" \/>\n<meta property=\"article:modified_time\" content=\"2021-09-14T07:11:47+00:00\" \/>\n<meta name=\"twitter:card\" content=\"summary_large_image\" \/>\n<meta name=\"twitter:label1\" content=\"Gesch\u00e4tzte Lesezeit\" \/>\n\t<meta name=\"twitter:data1\" content=\"6 Minuten\" \/>\n<script type=\"application\/ld+json\" class=\"yoast-schema-graph\">{\"@context\":\"https:\/\/schema.org\",\"@graph\":[{\"@type\":\"WebSite\",\"@id\":\"https:\/\/monometal.com\/#website\",\"url\":\"https:\/\/monometal.com\/\",\"name\":\"MONOMETAL n\\u00e1stroje sro\",\"description\":\"Obr\\u00e1b\\u011bc\\u00ed n\\u00e1stroje na m\\u00edru\",\"potentialAction\":[{\"@type\":\"SearchAction\",\"target\":{\"@type\":\"EntryPoint\",\"urlTemplate\":\"https:\/\/monometal.com\/?s={search_term_string}\"},\"query-input\":\"required name=search_term_string\"}],\"inLanguage\":\"de-DE\"},{\"@type\":\"WebPage\",\"@id\":\"https:\/\/monometal.com\/de\/dienstleistungen\/beschichtung\/#webpage\",\"url\":\"https:\/\/monometal.com\/de\/dienstleistungen\/beschichtung\/\",\"name\":\"Beschichtung | MONOMETAL n\\u00e1stroje sro\",\"isPartOf\":{\"@id\":\"https:\/\/monometal.com\/#website\"},\"datePublished\":\"2021-06-01T13:22:52+00:00\",\"dateModified\":\"2021-09-14T07:11:47+00:00\",\"breadcrumb\":{\"@id\":\"https:\/\/monometal.com\/de\/dienstleistungen\/beschichtung\/#breadcrumb\"},\"inLanguage\":\"de-DE\",\"potentialAction\":[{\"@type\":\"ReadAction\",\"target\":[\"https:\/\/monometal.com\/de\/dienstleistungen\/beschichtung\/\"]}]},{\"@type\":\"BreadcrumbList\",\"@id\":\"https:\/\/monometal.com\/de\/dienstleistungen\/beschichtung\/#breadcrumb\",\"itemListElement\":[{\"@type\":\"ListItem\",\"position\":1,\"name\":\"Dienstleistungen\",\"item\":\"https:\/\/monometal.com\/de\/dienstleistungen\/\"},{\"@type\":\"ListItem\",\"position\":2,\"name\":\"Beschichtung\"}]}]}<\/script>\n<!-- \/ Yoast SEO plugin. -->","yoast_head_json":{"title":"Beschichtung | MONOMETAL n\u00e1stroje sro","robots":{"index":"index","follow":"follow","max-snippet":"max-snippet:-1","max-image-preview":"max-image-preview:large","max-video-preview":"max-video-preview:-1"},"canonical":"https:\/\/monometal.com\/de\/dienstleistungen\/beschichtung\/","og_locale":"de_DE","og_type":"article","og_title":"Beschichtung | MONOMETAL n\u00e1stroje sro","og_url":"https:\/\/monometal.com\/de\/dienstleistungen\/beschichtung\/","og_site_name":"MONOMETAL n\u00e1stroje sro","article_modified_time":"2021-09-14T07:11:47+00:00","twitter_card":"summary_large_image","twitter_misc":{"Gesch\u00e4tzte Lesezeit":"6 Minuten"},"schema":{"@context":"https:\/\/schema.org","@graph":[{"@type":"WebSite","@id":"https:\/\/monometal.com\/#website","url":"https:\/\/monometal.com\/","name":"MONOMETAL n\u00e1stroje sro","description":"Obr\u00e1b\u011bc\u00ed n\u00e1stroje na m\u00edru","potentialAction":[{"@type":"SearchAction","target":{"@type":"EntryPoint","urlTemplate":"https:\/\/monometal.com\/?s={search_term_string}"},"query-input":"required name=search_term_string"}],"inLanguage":"de-DE"},{"@type":"WebPage","@id":"https:\/\/monometal.com\/de\/dienstleistungen\/beschichtung\/#webpage","url":"https:\/\/monometal.com\/de\/dienstleistungen\/beschichtung\/","name":"Beschichtung | MONOMETAL n\u00e1stroje sro","isPartOf":{"@id":"https:\/\/monometal.com\/#website"},"datePublished":"2021-06-01T13:22:52+00:00","dateModified":"2021-09-14T07:11:47+00:00","breadcrumb":{"@id":"https:\/\/monometal.com\/de\/dienstleistungen\/beschichtung\/#breadcrumb"},"inLanguage":"de-DE","potentialAction":[{"@type":"ReadAction","target":["https:\/\/monometal.com\/de\/dienstleistungen\/beschichtung\/"]}]},{"@type":"BreadcrumbList","@id":"https:\/\/monometal.com\/de\/dienstleistungen\/beschichtung\/#breadcrumb","itemListElement":[{"@type":"ListItem","position":1,"name":"Dienstleistungen","item":"https:\/\/monometal.com\/de\/dienstleistungen\/"},{"@type":"ListItem","position":2,"name":"Beschichtung"}]}]}},"_links":{"self":[{"href":"https:\/\/monometal.com\/de\/wp-json\/wp\/v2\/pages\/777"}],"collection":[{"href":"https:\/\/monometal.com\/de\/wp-json\/wp\/v2\/pages"}],"about":[{"href":"https:\/\/monometal.com\/de\/wp-json\/wp\/v2\/types\/page"}],"author":[{"embeddable":true,"href":"https:\/\/monometal.com\/de\/wp-json\/wp\/v2\/users\/1"}],"replies":[{"embeddable":true,"href":"https:\/\/monometal.com\/de\/wp-json\/wp\/v2\/comments?post=777"}],"version-history":[{"count":2,"href":"https:\/\/monometal.com\/de\/wp-json\/wp\/v2\/pages\/777\/revisions"}],"predecessor-version":[{"id":909,"href":"https:\/\/monometal.com\/de\/wp-json\/wp\/v2\/pages\/777\/revisions\/909"}],"up":[{"embeddable":true,"href":"https:\/\/monometal.com\/de\/wp-json\/wp\/v2\/pages\/765"}],"wp:attachment":[{"href":"https:\/\/monometal.com\/de\/wp-json\/wp\/v2\/media?parent=777"}],"curies":[{"name":"wp","href":"https:\/\/api.w.org\/{rel}","templated":true}]}}