{"id":765,"date":"2021-06-01T15:21:11","date_gmt":"2021-06-01T13:21:11","guid":{"rendered":"http:\/\/monometal.com\/sluzby\/"},"modified":"2021-09-03T12:02:55","modified_gmt":"2021-09-03T10:02:55","slug":"dienstleistungen","status":"publish","type":"page","link":"https:\/\/monometal.com\/de\/dienstleistungen\/","title":{"rendered":"Dienstleistungen"},"content":{"rendered":"<div class=\"fusion-fullwidth fullwidth-box fusion-builder-row-1 fusion-flex-container nonhundred-percent-fullwidth non-hundred-percent-height-scrolling\" style=\"background-color: rgba(255,255,255,0);background-position: center center;background-repeat: no-repeat;border-width: 0px 0px 0px 0px;border-color:#e2e2e2;border-style:solid;\" ><div class=\"fusion-builder-row fusion-row fusion-flex-align-items-flex-start\" style=\"max-width:calc( 1240px + 20px );margin-left: calc(-20px \/ 2 );margin-right: calc(-20px \/ 2 );\"><div class=\"fusion-layout-column fusion_builder_column fusion-builder-column-0 fusion_builder_column_1_3 1_3 fusion-flex-column fusion-flex-align-self-stretch produkty fusion-column-inner-bg-wrapper\"><div class=\"fusion-column-wrapper fusion-flex-justify-content-space-between fusion-content-layout-column\" style=\"padding: 0px 0px 0px 0px;\"><div ><span class=\" fusion-imageframe imageframe-none imageframe-1 hover-type-none pic\" style=\"max-width:390px;\"><img width=\"475\" height=\"356\" title=\"laser1-1\" src=\"https:\/\/monometal.com\/wp-content\/uploads\/2021\/08\/laser1-1-1.jpg\" class=\"img-responsive wp-image-766\" srcset=\"https:\/\/monometal.com\/wp-content\/uploads\/2021\/08\/laser1-1-1-200x150.jpg 200w, https:\/\/monometal.com\/wp-content\/uploads\/2021\/08\/laser1-1-1-400x300.jpg 400w, https:\/\/monometal.com\/wp-content\/uploads\/2021\/08\/laser1-1-1.jpg 475w\" sizes=\"(max-width: 640px) 100vw, 475px\" \/><\/span><\/div><style type=\"text\/css\">@media only screen and (max-width:1024px) {.fusion-title.fusion-title-1{margin-top:10px!important; margin-right:!important;margin-bottom:15px!important;margin-left:!important;}}@media only screen and (max-width:640px) {.fusion-title.fusion-title-1{margin-top:10px!important; margin-right:!important;margin-bottom:10px!important; margin-left:!important;}}<\/style><div class=\"fusion-title title fusion-title-1 fusion-sep-none fusion-title-center fusion-title-text fusion-title-size-three\" style=\"font-size:24px;margin-top:10px;margin-bottom:15px;\"><h3 class=\"title-heading-center\" style=\"margin:0;font-size:1em;color:#ffffff;\"><p style=\"text-align: center;\">Lasergravur<\/p><\/h3><\/div><\/div><span class=\"fusion-column-inner-bg hover-type-none\"><a class=\"fusion-column-anchor\" href=\"\/de\/dienstleistungen\/lasergravur\/\"><span class=\"fusion-column-inner-bg-image\" style=\"background-image: linear-gradient(180deg, #5c9dd5 0%,#5c9dd5 100%);background-position:left top;background-repeat:no-repeat;-webkit-background-size:cover;-moz-background-size:cover;-o-background-size:cover;background-size:cover;\"><\/span><\/a><\/span><style type=\"text\/css\">.fusion-body .fusion-builder-column-0{width:33.333333333333% !important;margin-top : 0px;margin-bottom : 20px;}.fusion-builder-column-0 > .fusion-column-wrapper {padding-top : 0px !important;padding-right : 0px !important;margin-right : 30PX;padding-bottom : 0px !important;padding-left : 0px !important;margin-left : 10px;}.fusion-flex-container .fusion-row .fusion-builder-column-0 > .fusion-column-inner-bg { margin-right:30PX;margin-left:10px; }@media only screen and (max-width:1024px) {.fusion-body .fusion-builder-column-0{width:33.333333333333% !important;order : 0;}.fusion-builder-column-0 > .fusion-column-wrapper {margin-right : 30PX;margin-left : 10px;}.fusion-flex-container .fusion-row .fusion-builder-column-0 > .fusion-column-inner-bg { margin-right:30PX;margin-left:10px; }}@media only screen and (max-width:640px) {.fusion-body .fusion-builder-column-0{width:100% !important;order : 0;}.fusion-builder-column-0 > .fusion-column-wrapper {margin-right : 10px;margin-left : 10px;}.fusion-flex-container .fusion-row .fusion-builder-column-0 > .fusion-column-inner-bg { margin-right:10px;margin-left:10px; }}<\/style><\/div><div class=\"fusion-layout-column fusion_builder_column fusion-builder-column-1 fusion_builder_column_1_3 1_3 fusion-flex-column fusion-flex-align-self-stretch produkty fusion-column-inner-bg-wrapper\"><div class=\"fusion-column-wrapper fusion-flex-justify-content-flex-start fusion-content-layout-column\" style=\"padding: 0px 0px 0px 0px;\"><div ><span class=\" fusion-imageframe imageframe-none imageframe-2 hover-type-none\" style=\"max-width:390px;\"><img width=\"1110\" height=\"740\" title=\"ostreni\" src=\"https:\/\/monometal.com\/wp-content\/uploads\/2021\/07\/ostreni.jpg\" class=\"img-responsive wp-image-309\" srcset=\"https:\/\/monometal.com\/wp-content\/uploads\/2021\/07\/ostreni-200x133.jpg 200w, https:\/\/monometal.com\/wp-content\/uploads\/2021\/07\/ostreni-400x267.jpg 400w, https:\/\/monometal.com\/wp-content\/uploads\/2021\/07\/ostreni-600x400.jpg 600w, https:\/\/monometal.com\/wp-content\/uploads\/2021\/07\/ostreni-800x533.jpg 800w, https:\/\/monometal.com\/wp-content\/uploads\/2021\/07\/ostreni.jpg 1110w\" sizes=\"(max-width: 640px) 100vw, 600px\" \/><\/span><\/div><style type=\"text\/css\">@media only screen and (max-width:1024px) {.fusion-title.fusion-title-2{margin-top:10px!important; margin-right:!important;margin-bottom:15px!important;margin-left:!important;}}@media only screen and (max-width:640px) {.fusion-title.fusion-title-2{margin-top:10px!important; margin-right:!important;margin-bottom:10px!important; margin-left:!important;}}<\/style><div class=\"fusion-title title fusion-title-2 fusion-sep-none fusion-title-center fusion-title-text fusion-title-size-three\" style=\"font-size:24px;margin-top:10px;margin-bottom:15px;\"><h3 class=\"title-heading-center\" style=\"margin:0;font-size:1em;color:#ffffff;\"><p style=\"text-align: center;\">Nachsch\u00e4rfen<\/p><\/h3><\/div><\/div><span class=\"fusion-column-inner-bg hover-type-none\"><a class=\"fusion-column-anchor\" href=\"\/de\/dienstleistungen\/nachschaerfen\/\"><span class=\"fusion-column-inner-bg-image\" style=\"background-image: linear-gradient(180deg, #5c9dd5 0%,#5c9dd5 100%);background-position:left top;background-repeat:no-repeat;-webkit-background-size:cover;-moz-background-size:cover;-o-background-size:cover;background-size:cover;\"><\/span><\/a><\/span><style type=\"text\/css\">.fusion-body .fusion-builder-column-1{width:33.333333333333% !important;margin-top : 0px;margin-bottom : 20px;}.fusion-builder-column-1 > .fusion-column-wrapper {padding-top : 0px !important;padding-right : 0px !important;margin-right : 15PX;padding-bottom : 0px !important;padding-left : 0px !important;margin-left : 15PX;}.fusion-flex-container .fusion-row .fusion-builder-column-1 > .fusion-column-inner-bg { margin-right:15PX;margin-left:15PX; }@media only screen and (max-width:1024px) {.fusion-body .fusion-builder-column-1{width:33.333333333333% !important;order : 0;}.fusion-builder-column-1 > .fusion-column-wrapper {margin-right : 15PX;margin-left : 15PX;}.fusion-flex-container .fusion-row .fusion-builder-column-1 > .fusion-column-inner-bg { margin-right:15PX;margin-left:15PX; }}@media only screen and (max-width:640px) {.fusion-body .fusion-builder-column-1{width:100% !important;order : 0;}.fusion-builder-column-1 > .fusion-column-wrapper {margin-right : 10px;margin-left : 10px;}.fusion-flex-container .fusion-row .fusion-builder-column-1 > .fusion-column-inner-bg { margin-right:10px;margin-left:10px; }}<\/style><\/div><div class=\"fusion-layout-column fusion_builder_column fusion-builder-column-2 fusion_builder_column_1_3 1_3 fusion-flex-column fusion-flex-align-self-stretch produkty fusion-column-inner-bg-wrapper\"><div class=\"fusion-column-wrapper fusion-flex-justify-content-space-between fusion-content-layout-column\" style=\"padding: 0px 0px 0px 0px;\"><div ><span class=\" fusion-imageframe imageframe-none imageframe-3 hover-type-none pic\"><img width=\"1890\" height=\"778\" title=\"povlak\" src=\"https:\/\/monometal.com\/wp-content\/uploads\/2021\/08\/povlak.jpg\" class=\"img-responsive wp-image-778\" srcset=\"https:\/\/monometal.com\/wp-content\/uploads\/2021\/08\/povlak-200x82.jpg 200w, https:\/\/monometal.com\/wp-content\/uploads\/2021\/08\/povlak-400x165.jpg 400w, https:\/\/monometal.com\/wp-content\/uploads\/2021\/08\/povlak-600x247.jpg 600w, https:\/\/monometal.com\/wp-content\/uploads\/2021\/08\/povlak-800x329.jpg 800w, https:\/\/monometal.com\/wp-content\/uploads\/2021\/08\/povlak-1200x494.jpg 1200w, https:\/\/monometal.com\/wp-content\/uploads\/2021\/08\/povlak.jpg 1890w\" sizes=\"(max-width: 640px) 100vw, 600px\" \/><\/span><\/div><style type=\"text\/css\">@media only screen and (max-width:1024px) {.fusion-title.fusion-title-3{margin-top:10px!important; margin-right:!important;margin-bottom:15px!important;margin-left:!important;}}@media only screen and (max-width:640px) {.fusion-title.fusion-title-3{margin-top:10px!important; margin-right:!important;margin-bottom:10px!important; margin-left:!important;}}<\/style><div class=\"fusion-title title fusion-title-3 fusion-sep-none fusion-title-center fusion-title-text fusion-title-size-three\" style=\"font-size:24px;margin-top:10px;margin-bottom:15px;\"><h3 class=\"title-heading-center\" style=\"margin:0;font-size:1em;color:#ffffff;\">Beschichtung<\/h3><\/div><\/div><span class=\"fusion-column-inner-bg hover-type-none\"><a class=\"fusion-column-anchor\" href=\"\/de\/dienstleistungen\/beschichtung\/\"><span class=\"fusion-column-inner-bg-image\" style=\"background-image: linear-gradient(180deg, #5c9dd5 0%,#5c9dd5 100%);background-position:left top;background-repeat:no-repeat;-webkit-background-size:cover;-moz-background-size:cover;-o-background-size:cover;background-size:cover;\"><\/span><\/a><\/span><style type=\"text\/css\">.fusion-body .fusion-builder-column-2{width:33.333333333333% !important;margin-top : 0px;margin-bottom : 20px;}.fusion-builder-column-2 > .fusion-column-wrapper {padding-top : 0px !important;padding-right : 0px !important;margin-right : 10px;padding-bottom : 0px !important;padding-left : 0px !important;margin-left : 30PX;}.fusion-flex-container .fusion-row .fusion-builder-column-2 > .fusion-column-inner-bg { margin-right:10px;margin-left:30PX; }@media only screen and (max-width:1024px) {.fusion-body .fusion-builder-column-2{width:33.333333333333% !important;order : 0;}.fusion-builder-column-2 > .fusion-column-wrapper {margin-right : 10px;margin-left : 30PX;}.fusion-flex-container .fusion-row .fusion-builder-column-2 > .fusion-column-inner-bg { margin-right:10px;margin-left:30PX; }}@media only screen and (max-width:640px) {.fusion-body .fusion-builder-column-2{width:100% !important;order : 0;}.fusion-builder-column-2 > .fusion-column-wrapper {margin-right : 10px;margin-left : 10px;}.fusion-flex-container .fusion-row .fusion-builder-column-2 > .fusion-column-inner-bg { margin-right:10px;margin-left:10px; }}<\/style><\/div><\/div><style type=\"text\/css\">.fusion-body .fusion-flex-container.fusion-builder-row-1{ padding-top : 40px;margin-top : 0px;padding-right : 0px;padding-bottom : 40px;margin-bottom : 0px;padding-left : 0px;}<\/style><\/div>\n","protected":false},"excerpt":{"rendered":"","protected":false},"author":1,"featured_media":0,"parent":0,"menu_order":0,"comment_status":"closed","ping_status":"closed","template":"100-width.php","meta":[],"yoast_head":"<!-- This site is optimized with the Yoast SEO plugin v17.0 - https:\/\/yoast.com\/wordpress\/plugins\/seo\/ -->\n<title>Dienstleistungen | MONOMETAL n\u00e1stroje sro<\/title>\n<meta name=\"robots\" content=\"index, follow, max-snippet:-1, max-image-preview:large, max-video-preview:-1\" \/>\n<link rel=\"canonical\" href=\"https:\/\/monometal.com\/de\/dienstleistungen\/\" \/>\n<meta property=\"og:locale\" content=\"de_DE\" \/>\n<meta property=\"og:type\" content=\"article\" \/>\n<meta property=\"og:title\" content=\"Dienstleistungen | MONOMETAL n\u00e1stroje sro\" \/>\n<meta property=\"og:url\" content=\"https:\/\/monometal.com\/de\/dienstleistungen\/\" \/>\n<meta property=\"og:site_name\" content=\"MONOMETAL n\u00e1stroje sro\" \/>\n<meta property=\"article:modified_time\" content=\"2021-09-03T10:02:55+00:00\" \/>\n<meta name=\"twitter:card\" content=\"summary_large_image\" \/>\n<meta name=\"twitter:label1\" content=\"Gesch\u00e4tzte Lesezeit\" \/>\n\t<meta name=\"twitter:data1\" content=\"4 Minuten\" \/>\n<script type=\"application\/ld+json\" class=\"yoast-schema-graph\">{\"@context\":\"https:\/\/schema.org\",\"@graph\":[{\"@type\":\"WebSite\",\"@id\":\"https:\/\/monometal.com\/#website\",\"url\":\"https:\/\/monometal.com\/\",\"name\":\"MONOMETAL n\\u00e1stroje sro\",\"description\":\"Obr\\u00e1b\\u011bc\\u00ed n\\u00e1stroje na m\\u00edru\",\"potentialAction\":[{\"@type\":\"SearchAction\",\"target\":{\"@type\":\"EntryPoint\",\"urlTemplate\":\"https:\/\/monometal.com\/?s={search_term_string}\"},\"query-input\":\"required name=search_term_string\"}],\"inLanguage\":\"de-DE\"},{\"@type\":\"WebPage\",\"@id\":\"https:\/\/monometal.com\/de\/dienstleistungen\/#webpage\",\"url\":\"https:\/\/monometal.com\/de\/dienstleistungen\/\",\"name\":\"Dienstleistungen | MONOMETAL n\\u00e1stroje sro\",\"isPartOf\":{\"@id\":\"https:\/\/monometal.com\/#website\"},\"datePublished\":\"2021-06-01T13:21:11+00:00\",\"dateModified\":\"2021-09-03T10:02:55+00:00\",\"breadcrumb\":{\"@id\":\"https:\/\/monometal.com\/de\/dienstleistungen\/#breadcrumb\"},\"inLanguage\":\"de-DE\",\"potentialAction\":[{\"@type\":\"ReadAction\",\"target\":[\"https:\/\/monometal.com\/de\/dienstleistungen\/\"]}]},{\"@type\":\"BreadcrumbList\",\"@id\":\"https:\/\/monometal.com\/de\/dienstleistungen\/#breadcrumb\",\"itemListElement\":[{\"@type\":\"ListItem\",\"position\":1,\"name\":\"Dienstleistungen\"}]}]}<\/script>\n<!-- \/ Yoast SEO plugin. -->","yoast_head_json":{"title":"Dienstleistungen | MONOMETAL n\u00e1stroje sro","robots":{"index":"index","follow":"follow","max-snippet":"max-snippet:-1","max-image-preview":"max-image-preview:large","max-video-preview":"max-video-preview:-1"},"canonical":"https:\/\/monometal.com\/de\/dienstleistungen\/","og_locale":"de_DE","og_type":"article","og_title":"Dienstleistungen | MONOMETAL n\u00e1stroje sro","og_url":"https:\/\/monometal.com\/de\/dienstleistungen\/","og_site_name":"MONOMETAL n\u00e1stroje sro","article_modified_time":"2021-09-03T10:02:55+00:00","twitter_card":"summary_large_image","twitter_misc":{"Gesch\u00e4tzte Lesezeit":"4 Minuten"},"schema":{"@context":"https:\/\/schema.org","@graph":[{"@type":"WebSite","@id":"https:\/\/monometal.com\/#website","url":"https:\/\/monometal.com\/","name":"MONOMETAL n\u00e1stroje sro","description":"Obr\u00e1b\u011bc\u00ed n\u00e1stroje na m\u00edru","potentialAction":[{"@type":"SearchAction","target":{"@type":"EntryPoint","urlTemplate":"https:\/\/monometal.com\/?s={search_term_string}"},"query-input":"required name=search_term_string"}],"inLanguage":"de-DE"},{"@type":"WebPage","@id":"https:\/\/monometal.com\/de\/dienstleistungen\/#webpage","url":"https:\/\/monometal.com\/de\/dienstleistungen\/","name":"Dienstleistungen | MONOMETAL n\u00e1stroje sro","isPartOf":{"@id":"https:\/\/monometal.com\/#website"},"datePublished":"2021-06-01T13:21:11+00:00","dateModified":"2021-09-03T10:02:55+00:00","breadcrumb":{"@id":"https:\/\/monometal.com\/de\/dienstleistungen\/#breadcrumb"},"inLanguage":"de-DE","potentialAction":[{"@type":"ReadAction","target":["https:\/\/monometal.com\/de\/dienstleistungen\/"]}]},{"@type":"BreadcrumbList","@id":"https:\/\/monometal.com\/de\/dienstleistungen\/#breadcrumb","itemListElement":[{"@type":"ListItem","position":1,"name":"Dienstleistungen"}]}]}},"_links":{"self":[{"href":"https:\/\/monometal.com\/de\/wp-json\/wp\/v2\/pages\/765"}],"collection":[{"href":"https:\/\/monometal.com\/de\/wp-json\/wp\/v2\/pages"}],"about":[{"href":"https:\/\/monometal.com\/de\/wp-json\/wp\/v2\/types\/page"}],"author":[{"embeddable":true,"href":"https:\/\/monometal.com\/de\/wp-json\/wp\/v2\/users\/1"}],"replies":[{"embeddable":true,"href":"https:\/\/monometal.com\/de\/wp-json\/wp\/v2\/comments?post=765"}],"version-history":[{"count":1,"href":"https:\/\/monometal.com\/de\/wp-json\/wp\/v2\/pages\/765\/revisions"}],"predecessor-version":[{"id":767,"href":"https:\/\/monometal.com\/de\/wp-json\/wp\/v2\/pages\/765\/revisions\/767"}],"wp:attachment":[{"href":"https:\/\/monometal.com\/de\/wp-json\/wp\/v2\/media?parent=765"}],"curies":[{"name":"wp","href":"https:\/\/api.w.org\/{rel}","templated":true}]}}